{"id":1101,"date":"2016-12-23T19:28:56","date_gmt":"2016-12-23T18:28:56","guid":{"rendered":"http:\/\/projektcydr.pl\/?page_id=1101"},"modified":"2017-01-05T10:21:13","modified_gmt":"2017-01-05T09:21:13","slug":"sztuczne-gazowanie","status":"publish","type":"page","link":"https:\/\/projektcydr.pl\/blog\/sztuczne-gazowanie","title":{"rendered":"Sztuczne gazowanie"},"content":{"rendered":"<p>Ci\u015bnienie jakie nale\u017cy ustawi\u0107 na manometrze, \u017ceby przy danej temperaturze cydr w keg&#8217;u nagazowa\u0142 si\u0119 do wybranego poziomu.<\/p>\n<p>Ci\u015bnienie w bar:<\/p>\n<p><a href=\"http:\/\/projektcydr.pl\/blog\/wp-content\/uploads\/2016\/12\/tabela_CO2_keg_bar.png\" rel=\"attachment wp-att-1157\"><img loading=\"lazy\" decoding=\"async\" class=\"alignnone size-full wp-image-1157\" src=\"http:\/\/projektcydr.pl\/blog\/wp-content\/uploads\/2016\/12\/tabela_CO2_keg_bar.png\" alt=\"tabela_CO2_keg_bar\" width=\"1497\" height=\"603\" srcset=\"https:\/\/projektcydr.pl\/blog\/wp-content\/uploads\/2016\/12\/tabela_CO2_keg_bar.png 1497w, https:\/\/projektcydr.pl\/blog\/wp-content\/uploads\/2016\/12\/tabela_CO2_keg_bar-300x121.png 300w, https:\/\/projektcydr.pl\/blog\/wp-content\/uploads\/2016\/12\/tabela_CO2_keg_bar-768x309.png 768w, https:\/\/projektcydr.pl\/blog\/wp-content\/uploads\/2016\/12\/tabela_CO2_keg_bar-1024x412.png 1024w\" sizes=\"auto, (max-width: 1497px) 100vw, 1497px\" \/><\/a><\/p>\n<p>Ci\u015bnienie w psi:<\/p>\n<p><a href=\"http:\/\/projektcydr.pl\/blog\/wp-content\/uploads\/2016\/12\/tabela_CO2_keg_psi.png\" rel=\"attachment wp-att-1158\"><img loading=\"lazy\" decoding=\"async\" class=\"alignnone size-full wp-image-1158\" src=\"http:\/\/projektcydr.pl\/blog\/wp-content\/uploads\/2016\/12\/tabela_CO2_keg_psi.png\" alt=\"tabela_CO2_keg_psi\" width=\"1496\" height=\"603\" srcset=\"https:\/\/projektcydr.pl\/blog\/wp-content\/uploads\/2016\/12\/tabela_CO2_keg_psi.png 1496w, https:\/\/projektcydr.pl\/blog\/wp-content\/uploads\/2016\/12\/tabela_CO2_keg_psi-300x121.png 300w, https:\/\/projektcydr.pl\/blog\/wp-content\/uploads\/2016\/12\/tabela_CO2_keg_psi-768x310.png 768w, https:\/\/projektcydr.pl\/blog\/wp-content\/uploads\/2016\/12\/tabela_CO2_keg_psi-1024x413.png 1024w\" sizes=\"auto, (max-width: 1496px) 100vw, 1496px\" \/><\/a><\/p>\n<p>Ci\u015bnienie w atm:<\/p>\n<p><a href=\"http:\/\/projektcydr.pl\/blog\/wp-content\/uploads\/2016\/12\/tabela_CO2_keg_atm.png\" rel=\"attachment wp-att-1159\"><img loading=\"lazy\" decoding=\"async\" class=\"alignnone size-full wp-image-1159\" src=\"http:\/\/projektcydr.pl\/blog\/wp-content\/uploads\/2016\/12\/tabela_CO2_keg_atm.png\" alt=\"tabela_CO2_keg_atm\" width=\"1496\" height=\"604\" srcset=\"https:\/\/projektcydr.pl\/blog\/wp-content\/uploads\/2016\/12\/tabela_CO2_keg_atm.png 1496w, https:\/\/projektcydr.pl\/blog\/wp-content\/uploads\/2016\/12\/tabela_CO2_keg_atm-300x121.png 300w, https:\/\/projektcydr.pl\/blog\/wp-content\/uploads\/2016\/12\/tabela_CO2_keg_atm-768x310.png 768w, https:\/\/projektcydr.pl\/blog\/wp-content\/uploads\/2016\/12\/tabela_CO2_keg_atm-1024x413.png 1024w\" sizes=\"auto, (max-width: 1496px) 100vw, 1496px\" \/><\/a><\/p>\n<p>Alternatywnie, mo\u017cna pos\u0142u\u017cy\u0107 si\u0119 kalkulatorem, na kt\u00f3rym dodatkowo mo\u017cna sprawdzi\u0107 wp\u0142yw zmian temperatury keg&#8217;a na poziom nagazowania ju\u017c nasyconej zawarto\u015bci:<\/p>\n<form name=\"cp_calculatedfieldsf_pform_1\" id=\"cp_calculatedfieldsf_pform_1\" action=\"?\" method=\"post\" enctype=\"multipart\/form-data\" class=\"cff-form \" >\n<input type=\"hidden\" name=\"cp_calculatedfieldsf_pform_psequence\" value=\"_1\" \/>\n<input type=\"hidden\" name=\"cp_calculatedfieldsf_id\" value=\"18\" \/><pre style=\"display:none !important;\"><script type=\"text\/javascript\">form_structure_1=[[{\"form_identifier\":\"\",\"name\":\"fieldname23\",\"shortlabel\":\"\",\"index\":0,\"ftype\":\"ffieldset\",\"userhelp\":\"\",\"userhelpTooltip\":false,\"csslayout\":\"\",\"fields\":[\"fieldname32\",\"fieldname2\"],\"columns\":\"3\",\"title\":\"Parametry keg'a\",\"fBuild\":{}},{\"form_identifier\":\"\",\"name\":\"fieldname25\",\"shortlabel\":\"\",\"index\":1,\"ftype\":\"ffieldset\",\"userhelp\":\"\",\"userhelpTooltip\":false,\"csslayout\":\"\",\"fields\":[\"fieldname42\",\"fieldname43\",\"fieldname54\",\"fieldname51\",\"fieldname56\",\"fieldname55\",\"fieldname49\"],\"columns\":\"3\",\"title\":\"Nasycanie\",\"fBuild\":{},\"parent\":\"fieldname23\"},{\"form_identifier\":\"\",\"name\":\"fieldname48\",\"shortlabel\":\"\",\"index\":2,\"ftype\":\"ffieldset\",\"userhelp\":\"\",\"userhelpTooltip\":false,\"csslayout\":\"\",\"fields\":[\"fieldname46\",\"fieldname53\",\"fieldname59\",\"fieldname45\",\"fieldname58\",\"fieldname57\",\"fieldname50\",\"fieldname52\"],\"columns\":\"3\",\"title\":\"Serwowanie\",\"fBuild\":{},\"parent\":\"fieldname23\"},{\"form_identifier\":\"\",\"name\":\"fieldname13\",\"shortlabel\":\"\",\"index\":3,\"ftype\":\"fSectionBreak\",\"userhelp\":\"\",\"userhelpTooltip\":false,\"csslayout\":\"\",\"title\":\"\",\"fBuild\":{}},{\"form_identifier\":\"\",\"name\":\"fieldname2\",\"shortlabel\":\"\",\"index\":4,\"ftype\":\"fnumber\",\"userhelp\":\"\",\"userhelpTooltip\":false,\"csslayout\":\"szyjka\",\"title\":\"niezape\\u0142niona obj\\u0119to\\u015b\\u0107 [L]\",\"predefined\":\"0,1\",\"predefinedClick\":false,\"required\":true,\"size\":\"small\",\"thousandSeparator\":\" \",\"decimalSymbol\":\",\",\"min\":\"0\",\"max\":\"\",\"dformat\":\"number\",\"formats\":[\"digits\",\"number\"],\"fBuild\":{},\"parent\":\"fieldname23\"},{\"form_identifier\":\"\",\"name\":\"fieldname42\",\"shortlabel\":\"\",\"index\":5,\"ftype\":\"fnumber\",\"userhelp\":\"\",\"userhelpTooltip\":false,\"csslayout\":\"\",\"title\":\"temp. nasycania [\\u003Csup\\u003Eo\\u003C\\\/sup\\u003EC]\",\"predefined\":\"10\",\"predefinedClick\":false,\"required\":true,\"size\":\"small\",\"thousandSeparator\":\" \",\"decimalSymbol\":\",\",\"min\":\"\",\"max\":\"\",\"dformat\":\"number\",\"formats\":[\"digits\",\"number\"],\"fBuild\":{},\"parent\":\"fieldname25\"},{\"form_identifier\":\"\",\"name\":\"fieldname46\",\"shortlabel\":\"\",\"index\":6,\"ftype\":\"fnumber\",\"userhelp\":\"\",\"userhelpTooltip\":false,\"csslayout\":\"\",\"title\":\"temp. serwowania [\\u003Csup\\u003Eo\\u003C\\\/sup\\u003EC]\",\"predefined\":\"16\",\"predefinedClick\":false,\"required\":true,\"size\":\"small\",\"thousandSeparator\":\" \",\"decimalSymbol\":\",\",\"min\":\"\",\"max\":\"\",\"dformat\":\"number\",\"formats\":[\"digits\",\"number\"],\"fBuild\":{},\"parent\":\"fieldname48\"},{\"form_identifier\":\"\",\"name\":\"fieldname43\",\"shortlabel\":\"\",\"index\":7,\"ftype\":\"fnumber\",\"userhelp\":\"\",\"userhelpTooltip\":false,\"csslayout\":\"\",\"title\":\"nasycenie [vol CO\\u003Csub\\u003E2\\u003C\\\/sub\\u003E]\",\"predefined\":\"3,5\",\"predefinedClick\":false,\"required\":true,\"size\":\"small\",\"thousandSeparator\":\" \",\"decimalSymbol\":\",\",\"min\":\"0\",\"max\":\"\",\"dformat\":\"number\",\"formats\":[\"digits\",\"number\"],\"fBuild\":{},\"parent\":\"fieldname25\"},{\"form_identifier\":\"\",\"name\":\"fieldname32\",\"shortlabel\":\"\",\"index\":8,\"ftype\":\"fnumber\",\"userhelp\":\"\",\"userhelpTooltip\":false,\"csslayout\":\"\",\"title\":\"obj\\u0119to\\u015b\\u0107 keg'a [L]\",\"predefined\":\"19\",\"predefinedClick\":false,\"required\":true,\"size\":\"small\",\"thousandSeparator\":\" \",\"decimalSymbol\":\",\",\"min\":\"0\",\"max\":\"\",\"dformat\":\"number\",\"formats\":[\"digits\",\"number\"],\"fBuild\":{},\"parent\":\"fieldname23\"},{\"form_identifier\":\"\",\"name\":\"fieldname51\",\"shortlabel\":\"\",\"index\":9,\"ftype\":\"fCalculated\",\"userhelp\":\"na manometrze\",\"userhelpTooltip\":false,\"csslayout\":\"p_nas_bar\",\"title\":\"ci\\u015bnienie [bar]\",\"predefined\":\"\",\"required\":false,\"size\":\"small\",\"toolbar\":\"default|mathematical\",\"eq\":\"\",\"optimizeEq\":false,\"eq_factored\":\"\",\"suffix\":\"\",\"prefix\":\"\",\"decimalsymbol\":\",\",\"groupingsymbol\":\"\",\"dependencies\":[{\"rule\":\"\",\"complex\":false,\"fields\":[\"\"]}],\"readonly\":true,\"hidefield\":false,\"fBuild\":{},\"parent\":\"fieldname25\"},{\"form_identifier\":\"\",\"name\":\"fieldname56\",\"shortlabel\":\"\",\"index\":10,\"ftype\":\"fCalculated\",\"userhelp\":\"\",\"userhelpTooltip\":false,\"csslayout\":\"p_nas_psi\",\"title\":\"ci\\u015bnienie [psi]\",\"predefined\":\"\",\"required\":false,\"size\":\"small\",\"toolbar\":\"default|mathematical\",\"eq\":\"\",\"optimizeEq\":false,\"eq_factored\":\"\",\"suffix\":\"\",\"prefix\":\"\",\"decimalsymbol\":\",\",\"groupingsymbol\":\"\",\"dependencies\":[{\"rule\":\"\",\"complex\":false,\"fields\":[\"\"]}],\"readonly\":true,\"hidefield\":false,\"fBuild\":{},\"parent\":\"fieldname25\"},{\"form_identifier\":\"\",\"name\":\"fieldname55\",\"shortlabel\":\"\",\"index\":11,\"ftype\":\"fCalculated\",\"userhelp\":\"\",\"userhelpTooltip\":false,\"csslayout\":\"p_nas_atm\",\"title\":\"ci\\u015bnienie [atm]\",\"predefined\":\"\",\"required\":false,\"size\":\"small\",\"toolbar\":\"default|mathematical\",\"eq\":\"\",\"optimizeEq\":false,\"eq_factored\":\"\",\"suffix\":\"\",\"prefix\":\"\",\"decimalsymbol\":\",\",\"groupingsymbol\":\"\",\"dependencies\":[{\"rule\":\"\",\"complex\":false,\"fields\":[\"\"]}],\"readonly\":true,\"hidefield\":false,\"fBuild\":{},\"parent\":\"fieldname25\"},{\"form_identifier\":\"\",\"name\":\"fieldname54\",\"shortlabel\":\"\",\"index\":12,\"ftype\":\"fCalculated\",\"userhelp\":\"\",\"userhelpTooltip\":false,\"csslayout\":\"d_nas_gL\",\"title\":\"nasycenie [g CO\\u003Csub\\u003E2\\u003C\\\/sub\\u003E\\\/L]\",\"predefined\":\"\",\"required\":false,\"size\":\"small\",\"toolbar\":\"default|mathematical\",\"eq\":\"\",\"optimizeEq\":false,\"eq_factored\":\"\",\"suffix\":\"\",\"prefix\":\"\",\"decimalsymbol\":\",\",\"groupingsymbol\":\"\",\"dependencies\":[{\"rule\":\"\",\"complex\":false,\"fields\":[\"\"]}],\"readonly\":true,\"hidefield\":false,\"fBuild\":{},\"parent\":\"fieldname25\"},{\"form_identifier\":\"\",\"name\":\"fieldname49\",\"shortlabel\":\"\",\"index\":13,\"ftype\":\"fCalculated\",\"userhelp\":\"potrzebna do nagazowania\",\"userhelpTooltip\":false,\"csslayout\":\"v_nas\",\"title\":\"obj\\u0119to\\u015b\\u0107 gazu [L]\",\"predefined\":\"\",\"required\":false,\"size\":\"small\",\"toolbar\":\"default|mathematical\",\"eq\":\"\",\"optimizeEq\":false,\"eq_factored\":\"\",\"suffix\":\"\",\"prefix\":\"\",\"decimalsymbol\":\",\",\"groupingsymbol\":\"\",\"dependencies\":[{\"rule\":\"\",\"complex\":false,\"fields\":[\"\"]}],\"readonly\":true,\"hidefield\":false,\"fBuild\":{},\"parent\":\"fieldname25\"},{\"form_identifier\":\"\",\"name\":\"fieldname45\",\"shortlabel\":\"\",\"index\":14,\"ftype\":\"fCalculated\",\"userhelp\":\"w temp. serwowania\",\"userhelpTooltip\":false,\"csslayout\":\"p_serw_bar\",\"title\":\"ci\\u015bnienie [bar]\",\"predefined\":\"\",\"required\":false,\"size\":\"small\",\"toolbar\":\"default|mathematical\",\"eq\":\"\",\"optimizeEq\":false,\"eq_factored\":\"\",\"suffix\":\"\",\"prefix\":\"\",\"decimalsymbol\":\",\",\"groupingsymbol\":\"\",\"dependencies\":[{\"rule\":\"\",\"complex\":false,\"fields\":[\"\"]}],\"readonly\":true,\"hidefield\":false,\"fBuild\":{},\"parent\":\"fieldname48\"},{\"form_identifier\":\"\",\"name\":\"fieldname58\",\"shortlabel\":\"\",\"index\":15,\"ftype\":\"fCalculated\",\"userhelp\":\"\",\"userhelpTooltip\":false,\"csslayout\":\"p_serw_psi\",\"title\":\"ci\\u015bnienie [psi]\",\"predefined\":\"\",\"required\":false,\"size\":\"small\",\"toolbar\":\"default|mathematical\",\"eq\":\"\",\"optimizeEq\":false,\"eq_factored\":\"\",\"suffix\":\"\",\"prefix\":\"\",\"decimalsymbol\":\",\",\"groupingsymbol\":\"\",\"dependencies\":[{\"rule\":\"\",\"complex\":false,\"fields\":[\"\"]}],\"readonly\":true,\"hidefield\":false,\"fBuild\":{},\"parent\":\"fieldname48\"},{\"form_identifier\":\"\",\"name\":\"fieldname57\",\"shortlabel\":\"\",\"index\":16,\"ftype\":\"fCalculated\",\"userhelp\":\"\",\"userhelpTooltip\":false,\"csslayout\":\"p_serw_atm\",\"title\":\"ci\\u015bnienie [atm]\",\"predefined\":\"\",\"required\":false,\"size\":\"small\",\"toolbar\":\"default|mathematical\",\"eq\":\"\",\"optimizeEq\":false,\"eq_factored\":\"\",\"suffix\":\"\",\"prefix\":\"\",\"decimalsymbol\":\",\",\"groupingsymbol\":\"\",\"dependencies\":[{\"rule\":\"\",\"complex\":false,\"fields\":[\"\"]}],\"readonly\":true,\"hidefield\":false,\"fBuild\":{},\"parent\":\"fieldname48\"},{\"form_identifier\":\"\",\"name\":\"fieldname53\",\"shortlabel\":\"\",\"index\":17,\"ftype\":\"fCalculated\",\"userhelp\":\"w temp. serwowania\",\"userhelpTooltip\":false,\"csslayout\":\"nas_serw\",\"title\":\"nasycenie [vol CO\\u003Csub\\u003E2\\u003C\\\/sub\\u003E]\",\"predefined\":\"\",\"required\":false,\"size\":\"small\",\"toolbar\":\"default|mathematical\",\"eq\":\"\",\"optimizeEq\":false,\"eq_factored\":\"\",\"suffix\":\"\",\"prefix\":\"\",\"decimalsymbol\":\",\",\"groupingsymbol\":\"\",\"dependencies\":[{\"rule\":\"\",\"complex\":false,\"fields\":[\"\"]}],\"readonly\":true,\"hidefield\":false,\"fBuild\":{},\"parent\":\"fieldname48\"},{\"form_identifier\":\"\",\"name\":\"fieldname59\",\"shortlabel\":\"\",\"index\":18,\"ftype\":\"fCalculated\",\"userhelp\":\"\",\"userhelpTooltip\":false,\"csslayout\":\"nas_serw_gL\",\"title\":\"nasycenie [g CO\\u003Csub\\u003E2\\u003C\\\/sub\\u003E\\\/L]\",\"predefined\":\"\",\"required\":false,\"size\":\"small\",\"toolbar\":\"default|mathematical\",\"eq\":\"\",\"optimizeEq\":false,\"eq_factored\":\"\",\"suffix\":\"\",\"prefix\":\"\",\"decimalsymbol\":\",\",\"groupingsymbol\":\"\",\"dependencies\":[{\"rule\":\"\",\"complex\":false,\"fields\":[\"\"]}],\"readonly\":true,\"hidefield\":false,\"fBuild\":{},\"parent\":\"fieldname48\"},{\"form_identifier\":\"\",\"name\":\"fieldname50\",\"shortlabel\":\"\",\"index\":19,\"ftype\":\"fCalculated\",\"userhelp\":\"potrzebna do wyszynku\",\"userhelpTooltip\":false,\"csslayout\":\"v_serw\",\"title\":\"obj\\u0119to\\u015b\\u0107 gazu [L]\",\"predefined\":\"\",\"required\":false,\"size\":\"small\",\"toolbar\":\"default|mathematical\",\"eq\":\"\",\"optimizeEq\":false,\"eq_factored\":\"\",\"suffix\":\"\",\"prefix\":\"\",\"decimalsymbol\":\",\",\"groupingsymbol\":\"\",\"dependencies\":[{\"rule\":\"\",\"complex\":false,\"fields\":[\"\"]}],\"readonly\":true,\"hidefield\":false,\"fBuild\":{},\"parent\":\"fieldname48\"},{\"form_identifier\":\"\",\"name\":\"fieldname52\",\"shortlabel\":\"\",\"index\":20,\"ftype\":\"fCalculated\",\"userhelp\":\"\",\"userhelpTooltip\":false,\"csslayout\":\"\",\"title\":\"obliczenia\",\"predefined\":\"\",\"required\":false,\"size\":\"small\",\"toolbar\":\"default|mathematical\",\"eq\":\"jQuery( '.szyjka input' ).attr({\\u0022max\\u0022 : fieldname32});\\n\\njQuery( '.d_nas_gL input' ).val( prec(fieldname43\\\/22.415*44,2).toString().replace(\\\/\\\\.\\\/g, ',') ); \\n\\nvar rozp_co2 = (fieldname32-fieldname2)*fieldname43\\\/22.415;\\nvar H = 0.00033*EXP(2400*(1\\\/(fieldname42+273.15)-1\\\/298.15));\\nvar pr_abs = rozp_co2\\\/H\\\/(fieldname32-fieldname2)*1000;\\n\\njQuery( '.p_nas_bar input' ).val( prec((pr_abs-101325)\\\/100000,2).toString().replace(\\\/\\\\.\\\/g, ',') ); \\n\\njQuery( '.p_nas_psi input' ).val( prec((pr_abs-101325)\\\/6894.75729,2).toString().replace(\\\/\\\\.\\\/g, ',') ); \\n\\njQuery( '.p_nas_atm input' ).val( prec((pr_abs-101325)\\\/101325,2).toString().replace(\\\/\\\\.\\\/g, ',') ); \\n\\nvar wolne_co2 = pr_abs*fieldname2\\\/1000\\\/8.314459848\\\/(fieldname42+273.15);\\nvar wstepne_co2 = H*101325*(fieldname32-fieldname2)\\\/1000;\\n\\njQuery( '.v_nas input' ).val(prec((rozp_co2+wolne_co2-wstepne_co2)*22.415,2).toString().replace(\\\/\\\\.\\\/g, ',') ); \\n\\n\\nvar H1 = 0.00033*EXP(2400*(1\\\/(fieldname46+273.15)-1\\\/298.15));\\nvar pr_abs1 = (rozp_co2+wolne_co2)\\\/((fieldname32-fieldname2)*H1+fieldname2\\\/8.314459848\\\/(fieldname46+273.15))*1000; \\n\\njQuery( '.p_serw_bar input' ).val( prec((pr_abs1-101325)\\\/100000,2).toString().replace(\\\/\\\\.\\\/g, ',') ); \\n\\njQuery( '.p_serw_psi input' ).val( prec((pr_abs1-101325)\\\/6894.75729,2).toString().replace(\\\/\\\\.\\\/g, ',') ); \\n\\njQuery( '.p_serw_atm input' ).val( prec((pr_abs1-101325)\\\/101325,2).toString().replace(\\\/\\\\.\\\/g, ',') ); \\n\\nvar rozp_co21 = H1*pr_abs1*(fieldname32-fieldname2)\\\/1000;\\n\\njQuery( '.nas_serw input' ).val( prec(rozp_co21*22.415\\\/(fieldname32-fieldname2),2).toString().replace(\\\/\\\\.\\\/g, ',') ); \\n\\njQuery( '.nas_serw_gL input' ).val( prec(rozp_co21*22.415\\\/(fieldname32-fieldname2)\\\/22.415*44,2).toString().replace(\\\/\\\\.\\\/g, ',') ); \\n\\nvar serw_co2 = pr_abs1*(fieldname32-fieldname2)\\\/1000\\\/8.314459848\\\/(fieldname46+273.15);\\n\\njQuery( '.v_serw input' ).val(prec((serw_co2)*22.415,2).toString().replace(\\\/\\\\.\\\/g, ',') ); \",\"optimizeEq\":false,\"eq_factored\":\"(jQuery( '.szyjka input' ).attr({\\u0022max\\u0022 : fieldname32});\\n\\njQuery( '.d_nas_gL input' ).val( prec(fieldname43\\\/22.415*44,2).toString().replace(\\\/\\\\.\\\/g, ',') ); \\n\\nvar rozp_co2 = (fieldname32-fieldname2)*fieldname43\\\/22.415;\\nvar H = 0.00033*EXP(2400*(1\\\/(fieldname42+273.15)-1\\\/298.15));\\nvar pr_abs = rozp_co2\\\/H\\\/(fieldname32-fieldname2)*1000;\\n\\njQuery( '.p_nas_bar input' ).val( prec((pr_abs-101325)\\\/100000,2).toString().replace(\\\/\\\\.\\\/g, ',') ); \\n\\njQuery( '.p_nas_psi input' ).val( prec((pr_abs-101325)\\\/6894.75729,2).toString().replace(\\\/\\\\.\\\/g, ',') ); \\n\\njQuery( '.p_nas_atm input' ).val( prec((pr_abs-101325)\\\/101325,2).toString().replace(\\\/\\\\.\\\/g, ',') ); \\n\\nvar wolne_co2 = pr_abs*fieldname2\\\/1000\\\/8.314459848\\\/(fieldname42+273.15);\\nvar wstepne_co2 = H*101325*(fieldname32-fieldname2)\\\/1000;\\n\\njQuery( '.v_nas input' ).val(prec((rozp_co2+wolne_co2-wstepne_co2)*22.415,2).toString().replace(\\\/\\\\.\\\/g, ',') ); \\n\\n\\nvar H1 = 0.00033*EXP(2400*(1\\\/(fieldname46+273.15)-1\\\/298.15));\\nvar pr_abs1 = (rozp_co2+wolne_co2)\\\/((fieldname32-fieldname2)*H1+fieldname2\\\/8.314459848\\\/(fieldname46+273.15))*1000; \\n\\njQuery( '.p_serw_bar input' ).val( prec((pr_abs1-101325)\\\/100000,2).toString().replace(\\\/\\\\.\\\/g, ',') ); \\n\\njQuery( '.p_serw_psi input' ).val( prec((pr_abs1-101325)\\\/6894.75729,2).toString().replace(\\\/\\\\.\\\/g, ',') ); \\n\\njQuery( '.p_serw_atm input' ).val( prec((pr_abs1-101325)\\\/101325,2).toString().replace(\\\/\\\\.\\\/g, ',') ); \\n\\nvar rozp_co21 = H1*pr_abs1*(fieldname32-fieldname2)\\\/1000;\\n\\njQuery( '.nas_serw input' ).val( prec(rozp_co21*22.415\\\/(fieldname32-fieldname2),2).toString().replace(\\\/\\\\.\\\/g, ',') ); \\n\\njQuery( '.nas_serw_gL input' ).val( prec(rozp_co21*22.415\\\/(fieldname32-fieldname2)\\\/22.415*44,2).toString().replace(\\\/\\\\.\\\/g, ',') ); \\n\\nvar serw_co2 = pr_abs1*(fieldname32-fieldname2)\\\/1000\\\/8.314459848\\\/(fieldname46+273.15);\\n\\njQuery( '.v_serw input' ).val(prec((serw_co2)*22.415,2).toString().replace(\\\/\\\\.\\\/g, ',') );)\",\"suffix\":\"\",\"prefix\":\"\",\"decimalsymbol\":\",\",\"groupingsymbol\":\"\",\"dependencies\":[{\"rule\":\"\",\"complex\":false,\"fields\":[\"\"]}],\"readonly\":true,\"hidefield\":true,\"fBuild\":{},\"parent\":\"fieldname48\"}],{\"0\":{\"title\":\"Kalkulator sztucznego gazowania\",\"description\":\"\",\"formlayout\":\"top_aligned\",\"formtemplate\":\"cp_cff_natural\",\"evalequations\":1,\"autocomplete\":1},\"formid\":\"cp_calculatedfieldsf_pform_1\"}];<\/script><\/pre>\n<div id=\"fbuilder\">\n\t\t<div id=\"fbuilder_1\">\n\t\t<div id=\"formheader_1\"><\/div>\n\t\t<div id=\"fieldlist_1\"><\/div>\n\t\t<div class=\"clearer\"><\/div>\n\t<\/div>\n<\/div>\n<div class=\"clearer\"><\/div>\n<\/form>\n\t\n<p>Wi\u0119cej szczeg\u00f3\u0142\u00f3w we wpisie pod <a href=\"http:\/\/projektcydr.pl\/blog\/?p=1083\">tym linkiem<\/a>.<\/p>\n","protected":false},"excerpt":{"rendered":"<p>Ci\u015bnienie jakie nale\u017cy ustawi\u0107 na manometrze, \u017ceby przy danej temperaturze cydr w keg&#8217;u nagazowa\u0142 si\u0119 do wybranego poziomu. Ci\u015bnienie w bar: Ci\u015bnienie w psi: Ci\u015bnienie w atm: Alternatywnie, mo\u017cna pos\u0142u\u017cy\u0107 si\u0119 kalkulatorem, na kt\u00f3rym dodatkowo mo\u017cna sprawdzi\u0107 wp\u0142yw zmian temperatury &hellip; <a href=\"https:\/\/projektcydr.pl\/blog\/sztuczne-gazowanie\">Czytaj dalej <span class=\"meta-nav\">&rarr;<\/span><\/a><\/p>\n","protected":false},"author":2,"featured_media":0,"parent":0,"menu_order":0,"comment_status":"closed","ping_status":"closed","template":"","meta":{"footnotes":""},"class_list":["post-1101","page","type-page","status-publish","hentry"],"_links":{"self":[{"href":"https:\/\/projektcydr.pl\/blog\/wp-json\/wp\/v2\/pages\/1101","targetHints":{"allow":["GET"]}}],"collection":[{"href":"https:\/\/projektcydr.pl\/blog\/wp-json\/wp\/v2\/pages"}],"about":[{"href":"https:\/\/projektcydr.pl\/blog\/wp-json\/wp\/v2\/types\/page"}],"author":[{"embeddable":true,"href":"https:\/\/projektcydr.pl\/blog\/wp-json\/wp\/v2\/users\/2"}],"replies":[{"embeddable":true,"href":"https:\/\/projektcydr.pl\/blog\/wp-json\/wp\/v2\/comments?post=1101"}],"version-history":[{"count":6,"href":"https:\/\/projektcydr.pl\/blog\/wp-json\/wp\/v2\/pages\/1101\/revisions"}],"predecessor-version":[{"id":1185,"href":"https:\/\/projektcydr.pl\/blog\/wp-json\/wp\/v2\/pages\/1101\/revisions\/1185"}],"wp:attachment":[{"href":"https:\/\/projektcydr.pl\/blog\/wp-json\/wp\/v2\/media?parent=1101"}],"curies":[{"name":"wp","href":"https:\/\/api.w.org\/{rel}","templated":true}]}}