{"id":1104,"date":"2016-12-23T19:30:41","date_gmt":"2016-12-23T18:30:41","guid":{"rendered":"http:\/\/projektcydr.pl\/?page_id=1104"},"modified":"2017-02-21T21:27:30","modified_gmt":"2017-02-21T20:27:30","slug":"refermentacja","status":"publish","type":"page","link":"https:\/\/projektcydr.pl\/blog\/refermentacja","title":{"rendered":"Gazowanie"},"content":{"rendered":"<p>W zale\u017cno\u015bci od stopnia nasycenia CO<sub>2<\/sub>, cydry przyj\u0119\u0142o si\u0119 dzieli\u0107 na:<\/p>\n<ul>\n<li><strong>spokojne<\/strong>, &lt;1 vol CO<sub>2<\/sub><\/li>\n<li><strong>p\u00f3\u0142musuj\u0105ce<\/strong>, 1.5-2.5 vol CO<sub>2<\/sub><\/li>\n<li><strong>musuj\u0105ce<\/strong>, 3.5-5.5 vol CO<sub>2<\/sub><\/li>\n<li><strong>wybuchaj\u0105ce<\/strong>, &gt;5.5 vol CO<sub>2<\/sub> \ud83d\ude09<\/li>\n<\/ul>\n<p>Poni\u017cszy kalkulator umo\u017cliwia oszacowanie ilo\u015bci cukru jak\u0105 trzeba doda\u0107, \u017ceby osi\u0105gn\u0105\u0107 za\u0142o\u017cony poziom nagazowania.<\/p>\n<p>Ze wzgl\u0119du na powstaj\u0105ce w butelce ci\u015bnienie, butelki \u201eod piwa\u201d mo\u017cna z powodzeniem u\u017cywa\u0107 do butelkowania cydr\u00f3w p\u00f3\u0142-musuj\u0105cych, natomiast do musuj\u0105cych bezpieczniej stosowa\u0107 butelki od szampana, a i tu <span style=\"text-decoration: underline;\">nie nale\u017cy przekracza\u0107 5,5 vol CO<sub>2<\/sub><\/span>, czyli ~20g\/L cukru.<\/p>\n<form name=\"cp_calculatedfieldsf_pform_1\" id=\"cp_calculatedfieldsf_pform_1\" action=\"?\" method=\"post\" enctype=\"multipart\/form-data\" class=\"cff-form \" >\n<input type=\"hidden\" name=\"cp_calculatedfieldsf_pform_psequence\" value=\"_1\" \/>\n<input type=\"hidden\" name=\"cp_calculatedfieldsf_id\" value=\"19\" \/><pre style=\"display:none !important;\"><script type=\"text\/javascript\">form_structure_1=[[{\"form_identifier\":\"\",\"name\":\"fieldname23\",\"shortlabel\":\"\",\"index\":0,\"ftype\":\"ffieldset\",\"userhelp\":\"\",\"userhelpTooltip\":false,\"csslayout\":\"\",\"fields\":[\"fieldname32\",\"fieldname2\"],\"columns\":\"2\",\"title\":\"Parametry butelki\\\/keg'a\",\"fBuild\":{}},{\"form_identifier\":\"\",\"name\":\"fieldname25\",\"shortlabel\":\"\",\"index\":1,\"ftype\":\"ffieldset\",\"userhelp\":\"\",\"userhelpTooltip\":false,\"csslayout\":\"\",\"fields\":[\"fieldname42\",\"fieldname43\",\"fieldname58\",\"fieldname54\",\"fieldname55\",\"fieldname69\",\"fieldname56\",\"fieldname57\"],\"columns\":\"2\",\"title\":\"Butelkowanie i refermentacja\",\"fBuild\":{},\"parent\":\"fieldname23\"},{\"form_identifier\":\"\",\"name\":\"fieldname48\",\"shortlabel\":\"\",\"index\":2,\"ftype\":\"ffieldset\",\"userhelp\":\"\",\"userhelpTooltip\":false,\"csslayout\":\"\",\"fields\":[\"fieldname59\",\"fieldname70\",\"fieldname61\",\"fieldname71\",\"fieldname66\",\"fieldname67\",\"fieldname73\",\"fieldname74\",\"fieldname72\",\"fieldname75\",\"fieldname52\"],\"columns\":\"2\",\"title\":\"Wyniki\",\"fBuild\":{},\"parent\":\"fieldname23\"},{\"form_identifier\":\"\",\"name\":\"fieldname13\",\"shortlabel\":\"\",\"index\":3,\"ftype\":\"fSectionBreak\",\"userhelp\":\"\",\"userhelpTooltip\":false,\"csslayout\":\"\",\"title\":\"\",\"fBuild\":{}},{\"form_identifier\":\"\",\"name\":\"fieldname2\",\"shortlabel\":\"\",\"index\":4,\"ftype\":\"fnumber\",\"userhelp\":\"\",\"userhelpTooltip\":false,\"csslayout\":\"szyjka\",\"title\":\"niezape\\u0142niona obj\\u0119to\\u015b\\u0107 [L]\",\"predefined\":\"0,01\",\"predefinedClick\":false,\"required\":true,\"size\":\"small\",\"thousandSeparator\":\" \",\"decimalSymbol\":\",\",\"min\":\"0\",\"max\":\"\",\"dformat\":\"number\",\"formats\":[\"digits\",\"number\"],\"fBuild\":{},\"parent\":\"fieldname23\"},{\"form_identifier\":\"\",\"name\":\"fieldname42\",\"shortlabel\":\"\",\"index\":5,\"ftype\":\"fnumber\",\"userhelp\":\"podczas butelkowania\",\"userhelpTooltip\":false,\"csslayout\":\"\",\"title\":\"temp. pocz\\u0105tkowa [\\u003Csup\\u003Eo\\u003C\\\/sup\\u003EC]\",\"predefined\":\"10\",\"predefinedClick\":false,\"required\":true,\"size\":\"small\",\"thousandSeparator\":\" \",\"decimalSymbol\":\",\",\"min\":\"\",\"max\":\"\",\"dformat\":\"number\",\"formats\":[\"digits\",\"number\"],\"fBuild\":{},\"parent\":\"fieldname25\"},{\"form_identifier\":\"\",\"name\":\"fieldname58\",\"shortlabel\":\"\",\"index\":6,\"ftype\":\"fnumber\",\"userhelp\":\"podczas refermentacji\\\/serwowania\",\"userhelpTooltip\":false,\"csslayout\":\"\",\"title\":\"temp. ko\\u0144cowa [\\u003Csup\\u003Eo\\u003C\\\/sup\\u003EC]\",\"predefined\":\"10\",\"predefinedClick\":false,\"required\":true,\"size\":\"small\",\"thousandSeparator\":\" \",\"decimalSymbol\":\",\",\"min\":\"\",\"max\":\"\",\"dformat\":\"number\",\"formats\":[\"digits\",\"number\"],\"fBuild\":{},\"parent\":\"fieldname25\"},{\"form_identifier\":\"\",\"name\":\"fieldname43\",\"shortlabel\":\"\",\"index\":7,\"ftype\":\"fnumber\",\"userhelp\":\"podczas butelkowania\",\"userhelpTooltip\":false,\"csslayout\":\"\",\"title\":\"ci\\u015bnienie atmosferyczne [hPa]\",\"predefined\":\"1013,25\",\"predefinedClick\":false,\"required\":true,\"size\":\"small\",\"thousandSeparator\":\" \",\"decimalSymbol\":\",\",\"min\":\"0\",\"max\":\"\",\"dformat\":\"number\",\"formats\":[\"digits\",\"number\"],\"fBuild\":{},\"parent\":\"fieldname25\"},{\"form_identifier\":\"\",\"name\":\"fieldname57\",\"shortlabel\":\"\",\"index\":8,\"ftype\":\"fnumber\",\"userhelp\":\"na manometrze\",\"userhelpTooltip\":false,\"csslayout\":\"column2\",\"title\":\"ci\\u015bnienie w keg'u po zamkni\\u0119ciu [bar]\",\"predefined\":\"0,1\",\"predefinedClick\":false,\"required\":true,\"size\":\"small\",\"thousandSeparator\":\" \",\"decimalSymbol\":\",\",\"min\":\"0\",\"max\":\"\",\"dformat\":\"number\",\"formats\":[\"digits\",\"number\"],\"fBuild\":{},\"parent\":\"fieldname25\"},{\"form_identifier\":\"\",\"name\":\"fieldname55\",\"shortlabel\":\"\",\"index\":9,\"ftype\":\"fradio\",\"userhelp\":\"\",\"userhelpTooltip\":false,\"csslayout\":\"\",\"title\":\"Czy cydr jest wst\\u0119pnie nasycony CO\\u003Csub\\u003E2\\u003C\\\/sub\\u003E:\",\"layout\":\"one_column\",\"required\":true,\"choiceSelected\":\"tak - 1\",\"showDep\":false,\"choices\":[\"tak\",\"nie\"],\"choicesVal\":[\"1\",\"0\"],\"choicesDep\":[[],[]],\"fBuild\":{},\"parent\":\"fieldname25\"},{\"form_identifier\":\"\",\"name\":\"fieldname56\",\"shortlabel\":\"\",\"index\":10,\"ftype\":\"fradio\",\"userhelp\":\"\",\"userhelpTooltip\":false,\"csslayout\":\"\",\"title\":\"Czym wype\\u0142niona jest \\u0022szyjka\\u0022:\",\"layout\":\"one_column\",\"required\":true,\"choiceSelected\":\"powietrze - 0\",\"showDep\":true,\"choices\":[\"powietrze\",\"dwutlenek w\\u0119gla\"],\"choicesVal\":[\"0\",\"1\"],\"choicesDep\":[[],[\"fieldname57\"]],\"fBuild\":{},\"parent\":\"fieldname25\"},{\"form_identifier\":\"\",\"name\":\"fieldname54\",\"shortlabel\":\"\",\"index\":11,\"ftype\":\"fnumber\",\"userhelp\":\"\",\"userhelpTooltip\":false,\"csslayout\":\"column2\",\"title\":\"\\u003Cb\\u003Eilo\\u015b\\u0107 dodanego cukru [g]\\u003C\\\/b\\u003E\",\"predefined\":\"5\",\"predefinedClick\":false,\"required\":true,\"size\":\"small\",\"thousandSeparator\":\" \",\"decimalSymbol\":\",\",\"min\":\"0\",\"max\":\"\",\"dformat\":\"number\",\"formats\":[\"digits\",\"number\"],\"fBuild\":{},\"parent\":\"fieldname25\"},{\"form_identifier\":\"\",\"name\":\"fieldname32\",\"shortlabel\":\"\",\"index\":12,\"ftype\":\"fnumber\",\"userhelp\":\"\",\"userhelpTooltip\":false,\"csslayout\":\"\",\"title\":\"ca\\u0142kowita obj\\u0119to\\u015b\\u0107 [L]\",\"predefined\":\"0,5\",\"predefinedClick\":false,\"required\":true,\"size\":\"small\",\"thousandSeparator\":\" \",\"decimalSymbol\":\",\",\"min\":\"0\",\"max\":\"\",\"dformat\":\"number\",\"formats\":[\"digits\",\"number\"],\"fBuild\":{},\"parent\":\"fieldname23\"},{\"form_identifier\":\"\",\"name\":\"fieldname61\",\"shortlabel\":\"\",\"index\":13,\"ftype\":\"fCalculated\",\"userhelp\":\"\",\"userhelpTooltip\":false,\"csslayout\":\"co2volkon\",\"title\":\"\\u003Cb\\u003Eko\\u0144cowe nasycenie [vol CO\\u003Csub\\u003E2\\u003C\\\/sub\\u003E]\\u003C\\\/b\\u003E\",\"predefined\":\"\",\"required\":false,\"size\":\"small\",\"toolbar\":\"default|mathematical\",\"eq\":\"\",\"optimizeEq\":false,\"eq_factored\":\"\",\"suffix\":\"\",\"prefix\":\"\",\"decimalsymbol\":\",\",\"groupingsymbol\":\"\",\"dependencies\":[{\"rule\":\"\",\"complex\":false,\"fields\":[\"\"]}],\"readonly\":true,\"hidefield\":false,\"fBuild\":{},\"parent\":\"fieldname48\"},{\"form_identifier\":\"\",\"name\":\"fieldname71\",\"shortlabel\":\"\",\"index\":14,\"ftype\":\"fCalculated\",\"userhelp\":\"\",\"userhelpTooltip\":false,\"csslayout\":\"co2volkon_gL\",\"title\":\"ko\\u0144cowe nasycenie [g CO\\u003Csub\\u003E2\\u003C\\\/sub\\u003E\\\/L]\",\"predefined\":\"\",\"required\":false,\"size\":\"small\",\"toolbar\":\"default|mathematical\",\"eq\":\"\",\"optimizeEq\":false,\"eq_factored\":\"\",\"suffix\":\"\",\"prefix\":\"\",\"decimalsymbol\":\",\",\"groupingsymbol\":\"\",\"dependencies\":[{\"rule\":\"\",\"complex\":false,\"fields\":[\"\"]}],\"readonly\":true,\"hidefield\":false,\"fBuild\":{},\"parent\":\"fieldname48\"},{\"form_identifier\":\"\",\"name\":\"fieldname67\",\"shortlabel\":\"\",\"index\":15,\"ftype\":\"fCalculated\",\"userhelp\":\"bezwzgl\\u0119dne\",\"userhelpTooltip\":false,\"csslayout\":\"pinneb_bar\",\"title\":\"w tym ci\\u015bnienie innych gaz\\u00f3w [bar]\",\"predefined\":\"\",\"required\":false,\"size\":\"small\",\"toolbar\":\"default|mathematical\",\"eq\":\"\",\"optimizeEq\":false,\"eq_factored\":\"\",\"suffix\":\"\",\"prefix\":\"\",\"decimalsymbol\":\",\",\"groupingsymbol\":\"\",\"dependencies\":[{\"rule\":\"\",\"complex\":false,\"fields\":[\"\"]}],\"readonly\":true,\"hidefield\":false,\"fBuild\":{},\"parent\":\"fieldname48\"},{\"form_identifier\":\"\",\"name\":\"fieldname74\",\"shortlabel\":\"\",\"index\":16,\"ftype\":\"fCalculated\",\"userhelp\":\"\",\"userhelpTooltip\":false,\"csslayout\":\"pinneb_psi\",\"title\":\"w tym ci\\u015bnienie innych gaz\\u00f3w [psi]\",\"predefined\":\"\",\"required\":false,\"size\":\"small\",\"toolbar\":\"default|mathematical\",\"eq\":\"\",\"optimizeEq\":false,\"eq_factored\":\"\",\"suffix\":\"\",\"prefix\":\"\",\"decimalsymbol\":\",\",\"groupingsymbol\":\"\",\"dependencies\":[{\"rule\":\"\",\"complex\":false,\"fields\":[\"\"]}],\"readonly\":true,\"hidefield\":false,\"fBuild\":{},\"parent\":\"fieldname48\"},{\"form_identifier\":\"\",\"name\":\"fieldname75\",\"shortlabel\":\"\",\"index\":17,\"ftype\":\"fCalculated\",\"userhelp\":\"\",\"userhelpTooltip\":false,\"csslayout\":\"pinneb_atm\",\"title\":\"w tym ci\\u015bnienie innych gaz\\u00f3w [atm]\",\"predefined\":\"\",\"required\":false,\"size\":\"small\",\"toolbar\":\"default|mathematical\",\"eq\":\"\",\"optimizeEq\":false,\"eq_factored\":\"\",\"suffix\":\"\",\"prefix\":\"\",\"decimalsymbol\":\",\",\"groupingsymbol\":\"\",\"dependencies\":[{\"rule\":\"\",\"complex\":false,\"fields\":[\"\"]}],\"readonly\":true,\"hidefield\":false,\"fBuild\":{},\"parent\":\"fieldname48\"},{\"form_identifier\":\"\",\"name\":\"fieldname66\",\"shortlabel\":\"\",\"index\":18,\"ftype\":\"fCalculated\",\"userhelp\":\"wzgl\\u0119dne, \\u0022na manometrze\\u0022\",\"userhelpTooltip\":false,\"csslayout\":\"ptotalw_bar\",\"title\":\"ca\\u0142kowite ci\\u015bnienie [bar]\",\"predefined\":\"\",\"required\":false,\"size\":\"small\",\"toolbar\":\"default|mathematical\",\"eq\":\"\",\"optimizeEq\":false,\"eq_factored\":\"\",\"suffix\":\"\",\"prefix\":\"\",\"decimalsymbol\":\",\",\"groupingsymbol\":\"\",\"dependencies\":[{\"rule\":\"\",\"complex\":false,\"fields\":[\"\"]}],\"readonly\":true,\"hidefield\":false,\"fBuild\":{},\"parent\":\"fieldname48\"},{\"form_identifier\":\"\",\"name\":\"fieldname73\",\"shortlabel\":\"\",\"index\":19,\"ftype\":\"fCalculated\",\"userhelp\":\"\",\"userhelpTooltip\":false,\"csslayout\":\"ptotalw_psi\",\"title\":\"ca\\u0142kowite ci\\u015bnienie [psi]\",\"predefined\":\"\",\"required\":false,\"size\":\"small\",\"toolbar\":\"default|mathematical\",\"eq\":\"\",\"optimizeEq\":false,\"eq_factored\":\"\",\"suffix\":\"\",\"prefix\":\"\",\"decimalsymbol\":\",\",\"groupingsymbol\":\"\",\"dependencies\":[{\"rule\":\"\",\"complex\":false,\"fields\":[\"\"]}],\"readonly\":true,\"hidefield\":false,\"fBuild\":{},\"parent\":\"fieldname48\"},{\"form_identifier\":\"\",\"name\":\"fieldname72\",\"shortlabel\":\"\",\"index\":20,\"ftype\":\"fCalculated\",\"userhelp\":\"\",\"userhelpTooltip\":false,\"csslayout\":\"ptotalw_atm\",\"title\":\"ca\\u0142kowite ci\\u015bnienie [atm]\",\"predefined\":\"\",\"required\":false,\"size\":\"small\",\"toolbar\":\"default|mathematical\",\"eq\":\"\",\"optimizeEq\":false,\"eq_factored\":\"\",\"suffix\":\"\",\"prefix\":\"\",\"decimalsymbol\":\",\",\"groupingsymbol\":\"\",\"dependencies\":[{\"rule\":\"\",\"complex\":false,\"fields\":[\"\"]}],\"readonly\":true,\"hidefield\":false,\"fBuild\":{},\"parent\":\"fieldname48\"},{\"form_identifier\":\"\",\"name\":\"fieldname59\",\"shortlabel\":\"\",\"index\":21,\"ftype\":\"fCalculated\",\"userhelp\":\"\",\"userhelpTooltip\":false,\"csslayout\":\"co2volpocz\",\"title\":\"wst\\u0119pne nasycenie [vol CO\\u003Csub\\u003E2\\u003C\\\/sub\\u003E]\",\"predefined\":\"\",\"required\":false,\"size\":\"small\",\"toolbar\":\"default|mathematical\",\"eq\":\"\",\"optimizeEq\":false,\"eq_factored\":\"\",\"suffix\":\"\",\"prefix\":\"\",\"decimalsymbol\":\",\",\"groupingsymbol\":\"\",\"dependencies\":[{\"rule\":\"\",\"complex\":false,\"fields\":[\"\"]}],\"readonly\":true,\"hidefield\":false,\"fBuild\":{},\"parent\":\"fieldname48\"},{\"form_identifier\":\"\",\"name\":\"fieldname70\",\"shortlabel\":\"\",\"index\":22,\"ftype\":\"fCalculated\",\"userhelp\":\"\",\"userhelpTooltip\":false,\"csslayout\":\"co2volpocz_gL\",\"title\":\"wst\\u0119pne nasycenie [g CO\\u003Csub\\u003E2\\u003C\\\/sub\\u003E\\\/L]\",\"predefined\":\"\",\"required\":false,\"size\":\"small\",\"toolbar\":\"default|mathematical\",\"eq\":\"\",\"optimizeEq\":false,\"eq_factored\":\"\",\"suffix\":\"\",\"prefix\":\"\",\"decimalsymbol\":\",\",\"groupingsymbol\":\"\",\"dependencies\":[{\"rule\":\"\",\"complex\":false,\"fields\":[\"\"]}],\"readonly\":true,\"hidefield\":false,\"fBuild\":{},\"parent\":\"fieldname48\"},{\"form_identifier\":\"\",\"name\":\"fieldname69\",\"shortlabel\":\"\",\"index\":23,\"ftype\":\"fCalculated\",\"userhelp\":\"\",\"userhelpTooltip\":false,\"csslayout\":\"\",\"title\":\"dummy\",\"predefined\":\"\",\"required\":false,\"size\":\"small\",\"toolbar\":\"default|mathematical\",\"eq\":\"\",\"optimizeEq\":false,\"eq_factored\":\"\",\"suffix\":\"\",\"prefix\":\"\",\"decimalsymbol\":\",\",\"groupingsymbol\":\"\",\"dependencies\":[{\"rule\":\"\",\"complex\":false,\"fields\":[\"\"]}],\"readonly\":true,\"hidefield\":true,\"fBuild\":{},\"parent\":\"fieldname25\"},{\"form_identifier\":\"\",\"name\":\"fieldname52\",\"shortlabel\":\"\",\"index\":24,\"ftype\":\"fCalculated\",\"userhelp\":\"\",\"userhelpTooltip\":false,\"csslayout\":\"\",\"title\":\"obliczenia\",\"predefined\":\"\",\"required\":false,\"size\":\"small\",\"toolbar\":\"default|mathematical\",\"eq\":\"jQuery( '.szyjka input' ).attr({\\u0022max\\u0022 : fieldname32});\\n\\nvar ppocz = fieldname43*100;\\nvar pco2pocz;\\nvar po2pocz;\\nvar pn2pocz;\\n\\nif (fieldname55 == 1) {\\npco2pocz = ppocz;\\npo2pocz = 0;\\npn2pocz = 0;\\n}\\nelse {\\npco2pocz = ppocz * 0.0004;\\npo2pocz = ppocz * 0.21;\\npn2pocz = ppocz * 0.78;\\n}\\n\\nvar nco2pocz = 0.00033*EXP(2400*(1\\\/(fieldname42+273.15)-1\\\/298.15))*pco2pocz*(fieldname32-fieldname2)\\\/1000;\\nvar no2pocz = 0.000012*EXP(1700*(1\\\/(fieldname42+273.15)-1\\\/298.15))*po2pocz*(fieldname32-fieldname2)\\\/1000;\\nvar nn2pocz = 0.0000064*EXP(1600*(1\\\/(fieldname42+273.15)-1\\\/298.15))*pn2pocz*(fieldname32-fieldname2)\\\/1000;\\n\\nvar pco2poczwo;\\nvar po2poczwo;\\nvar pn2poczwo;\\n\\nif (fieldname56 == 1) {\\npco2poczwo = ppocz+fieldname57*100000;\\npo2poczwo = 0;\\npn2poczwo = 0;\\n}\\nelse {\\npco2poczwo = ppocz * 0.0004;\\npo2poczwo = ppocz * 0.21;\\npn2poczwo = ppocz * 0.78;\\n}\\n\\nvar nco2poczwo = pco2poczwo*fieldname2\\\/1000\\\/8.314459848\\\/(fieldname42+273.15);\\nvar no2poczwo = po2poczwo*fieldname2\\\/1000\\\/8.314459848\\\/(fieldname42+273.15);\\nvar nn2poczwo = pn2poczwo*fieldname2\\\/1000\\\/8.314459848\\\/(fieldname42+273.15);\\nvar nco2fer = 47\\\/100*fieldname54\\\/44;\\n\\nvar pruco2 = (nco2fer+nco2pocz+nco2poczwo)\\\/(fieldname32\\\/1000*0.00033*EXP(2400*(1\\\/(fieldname58+273.15)-1\\\/298.15))+fieldname2\\\/1000\\\/8.314459848\\\/(fieldname58+273.15));\\n\\nvar pruo2 = (no2pocz+no2poczwo)\\\/(fieldname32\\\/1000*0.000012*EXP(1700*(1\\\/(fieldname58+273.15)-1\\\/298.15))+fieldname2\\\/1000\\\/8.314459848\\\/(fieldname58+273.15));\\n\\nvar prun2 = (nn2pocz+nn2poczwo)\\\/(fieldname32\\\/1000*0.0000064*EXP(1600*(1\\\/(fieldname58+273.15)-1\\\/298.15))+fieldname2\\\/1000\\\/8.314459848\\\/(fieldname58+273.15));\\n\\nvar nco2kon=0.00033*EXP(2400*(1\\\/(fieldname58+273.15)-1\\\/298.15))*pruco2*(fieldname32-fieldname2)\\\/1000;\\n\\nvar no2kon=0.000012*EXP(1700*(1\\\/(fieldname58+273.15)-1\\\/298.15))*pruo2*(fieldname32-fieldname2)\\\/1000;\\n\\nvar nn2kon=0.0000064*EXP(1600*(1\\\/(fieldname58+273.15)-1\\\/298.15))*prun2*(fieldname32-fieldname2)\\\/1000;\\n\\nvar ptotalw = (pruco2+pruo2+prun2)\\\/101325-1;\\nvar pinneb = (pruo2+prun2)\\\/101325;\\n\\nvar co2volpocz = nco2pocz*(22.415\\\/(fieldname32-fieldname2));\\nvar co2volkon = nco2kon*(22.415\\\/(fieldname32-fieldname2));\\n\\njQuery( '.co2volpocz input' ).val(prec(co2volpocz,2).toString().replace(\\\/\\\\.\\\/g, ',') ); \\n\\njQuery( '.co2volpocz_gL input' ).val(prec(co2volpocz\\\/22.415*44,2).toString().replace(\\\/\\\\.\\\/g, ',') ); \\n\\njQuery( '.co2volkon input' ).val(prec(co2volkon,2).toString().replace(\\\/\\\\.\\\/g, ',') ); \\n\\njQuery( '.co2volkon_gL input' ).val(prec(co2volkon\\\/22.415*44,2).toString().replace(\\\/\\\\.\\\/g, ',') ); \\n\\njQuery( '.ptotalw_bar input' ).val(prec(ptotalw*101325\\\/100000,2).toString().replace(\\\/\\\\.\\\/g, ',') ); \\njQuery( '.pinneb_bar input' ).val(prec(pinneb*101325\\\/100000,2).toString().replace(\\\/\\\\.\\\/g, ',') ); \\n\\njQuery( '.ptotalw_psi input' ).val(prec(ptotalw*101325\\\/6894.75729,2).toString().replace(\\\/\\\\.\\\/g, ',') ); \\njQuery( '.pinneb_psi input' ).val(prec(pinneb*101325\\\/6894.75729,2).toString().replace(\\\/\\\\.\\\/g, ',') ); \\n\\njQuery( '.ptotalw_atm input' ).val(prec(ptotalw,2).toString().replace(\\\/\\\\.\\\/g, ',') ); \\njQuery( '.pinneb_atm input' ).val(prec(pinneb,2).toString().replace(\\\/\\\\.\\\/g, ',') ); \\n\",\"optimizeEq\":false,\"eq_factored\":\"(jQuery( '.szyjka input' ).attr({\\u0022max\\u0022 : fieldname32});\\n\\nvar ppocz = fieldname43*100;\\nvar pco2pocz;\\nvar po2pocz;\\nvar pn2pocz;\\n\\nif (fieldname55 == 1) {\\npco2pocz = ppocz;\\npo2pocz = 0;\\npn2pocz = 0;\\n}\\nelse {\\npco2pocz = ppocz * 0.0004;\\npo2pocz = ppocz * 0.21;\\npn2pocz = ppocz * 0.78;\\n}\\n\\nvar nco2pocz = 0.00033*EXP(2400*(1\\\/(fieldname42+273.15)-1\\\/298.15))*pco2pocz*(fieldname32-fieldname2)\\\/1000;\\nvar no2pocz = 0.000012*EXP(1700*(1\\\/(fieldname42+273.15)-1\\\/298.15))*po2pocz*(fieldname32-fieldname2)\\\/1000;\\nvar nn2pocz = 0.0000064*EXP(1600*(1\\\/(fieldname42+273.15)-1\\\/298.15))*pn2pocz*(fieldname32-fieldname2)\\\/1000;\\n\\nvar pco2poczwo;\\nvar po2poczwo;\\nvar pn2poczwo;\\n\\nif (fieldname56 == 1) {\\npco2poczwo = ppocz+fieldname57*100000;\\npo2poczwo = 0;\\npn2poczwo = 0;\\n}\\nelse {\\npco2poczwo = ppocz * 0.0004;\\npo2poczwo = ppocz * 0.21;\\npn2poczwo = ppocz * 0.78;\\n}\\n\\nvar nco2poczwo = pco2poczwo*fieldname2\\\/1000\\\/8.314459848\\\/(fieldname42+273.15);\\nvar no2poczwo = po2poczwo*fieldname2\\\/1000\\\/8.314459848\\\/(fieldname42+273.15);\\nvar nn2poczwo = pn2poczwo*fieldname2\\\/1000\\\/8.314459848\\\/(fieldname42+273.15);\\nvar nco2fer = 47\\\/100*fieldname54\\\/44;\\n\\nvar pruco2 = (nco2fer+nco2pocz+nco2poczwo)\\\/(fieldname32\\\/1000*0.00033*EXP(2400*(1\\\/(fieldname58+273.15)-1\\\/298.15))+fieldname2\\\/1000\\\/8.314459848\\\/(fieldname58+273.15));\\n\\nvar pruo2 = (no2pocz+no2poczwo)\\\/(fieldname32\\\/1000*0.000012*EXP(1700*(1\\\/(fieldname58+273.15)-1\\\/298.15))+fieldname2\\\/1000\\\/8.314459848\\\/(fieldname58+273.15));\\n\\nvar prun2 = (nn2pocz+nn2poczwo)\\\/(fieldname32\\\/1000*0.0000064*EXP(1600*(1\\\/(fieldname58+273.15)-1\\\/298.15))+fieldname2\\\/1000\\\/8.314459848\\\/(fieldname58+273.15));\\n\\nvar nco2kon=0.00033*EXP(2400*(1\\\/(fieldname58+273.15)-1\\\/298.15))*pruco2*(fieldname32-fieldname2)\\\/1000;\\n\\nvar no2kon=0.000012*EXP(1700*(1\\\/(fieldname58+273.15)-1\\\/298.15))*pruo2*(fieldname32-fieldname2)\\\/1000;\\n\\nvar nn2kon=0.0000064*EXP(1600*(1\\\/(fieldname58+273.15)-1\\\/298.15))*prun2*(fieldname32-fieldname2)\\\/1000;\\n\\nvar ptotalw = (pruco2+pruo2+prun2)\\\/101325-1;\\nvar pinneb = (pruo2+prun2)\\\/101325;\\n\\nvar co2volpocz = nco2pocz*(22.415\\\/(fieldname32-fieldname2));\\nvar co2volkon = nco2kon*(22.415\\\/(fieldname32-fieldname2));\\n\\njQuery( '.co2volpocz input' ).val(prec(co2volpocz,2).toString().replace(\\\/\\\\.\\\/g, ',') ); \\n\\njQuery( '.co2volpocz_gL input' ).val(prec(co2volpocz\\\/22.415*44,2).toString().replace(\\\/\\\\.\\\/g, ',') ); \\n\\njQuery( '.co2volkon input' ).val(prec(co2volkon,2).toString().replace(\\\/\\\\.\\\/g, ',') ); \\n\\njQuery( '.co2volkon_gL input' ).val(prec(co2volkon\\\/22.415*44,2).toString().replace(\\\/\\\\.\\\/g, ',') ); \\n\\njQuery( '.ptotalw_bar input' ).val(prec(ptotalw*101325\\\/100000,2).toString().replace(\\\/\\\\.\\\/g, ',') ); \\njQuery( '.pinneb_bar input' ).val(prec(pinneb*101325\\\/100000,2).toString().replace(\\\/\\\\.\\\/g, ',') ); \\n\\njQuery( '.ptotalw_psi input' ).val(prec(ptotalw*101325\\\/6894.75729,2).toString().replace(\\\/\\\\.\\\/g, ',') ); \\njQuery( '.pinneb_psi input' ).val(prec(pinneb*101325\\\/6894.75729,2).toString().replace(\\\/\\\\.\\\/g, ',') ); \\n\\njQuery( '.ptotalw_atm input' ).val(prec(ptotalw,2).toString().replace(\\\/\\\\.\\\/g, ',') ); \\njQuery( '.pinneb_atm input' ).val(prec(pinneb,2).toString().replace(\\\/\\\\.\\\/g, ',') );)\",\"suffix\":\"\",\"prefix\":\"\",\"decimalsymbol\":\",\",\"groupingsymbol\":\"\",\"dependencies\":[{\"rule\":\"\",\"complex\":false,\"fields\":[\"\"]}],\"readonly\":true,\"hidefield\":true,\"fBuild\":{},\"parent\":\"fieldname48\"}],{\"0\":{\"title\":\"Kalkulator refermentacji\",\"description\":\"\",\"formlayout\":\"top_aligned\",\"formtemplate\":\"cp_cff_natural\",\"evalequations\":1,\"autocomplete\":1},\"formid\":\"cp_calculatedfieldsf_pform_1\"}];<\/script><\/pre>\n<div id=\"fbuilder\">\n\t\t<div id=\"fbuilder_1\">\n\t\t<div id=\"formheader_1\"><\/div>\n\t\t<div id=\"fieldlist_1\"><\/div>\n\t\t<div class=\"clearer\"><\/div>\n\t<\/div>\n<\/div>\n<div class=\"clearer\"><\/div>\n<\/form>\n\t\n<p>Wi\u0119cej szczeg\u00f3\u0142\u00f3w we wpisie pod <a href=\"http:\/\/projektcydr.pl\/blog\/?p=1083\">tym linkiem<\/a>.<\/p>\n","protected":false},"excerpt":{"rendered":"<p>W zale\u017cno\u015bci od stopnia nasycenia CO2, cydry przyj\u0119\u0142o si\u0119 dzieli\u0107 na: spokojne, &lt;1 vol CO2 p\u00f3\u0142musuj\u0105ce, 1.5-2.5 vol CO2 musuj\u0105ce, 3.5-5.5 vol CO2 wybuchaj\u0105ce, &gt;5.5 vol CO2 \ud83d\ude09 Poni\u017cszy kalkulator umo\u017cliwia oszacowanie ilo\u015bci cukru jak\u0105 trzeba doda\u0107, \u017ceby osi\u0105gn\u0105\u0107 za\u0142o\u017cony &hellip; <a href=\"https:\/\/projektcydr.pl\/blog\/refermentacja\">Czytaj dalej <span class=\"meta-nav\">&rarr;<\/span><\/a><\/p>\n","protected":false},"author":2,"featured_media":0,"parent":0,"menu_order":0,"comment_status":"closed","ping_status":"closed","template":"","meta":{"footnotes":""},"class_list":["post-1104","page","type-page","status-publish","hentry"],"_links":{"self":[{"href":"https:\/\/projektcydr.pl\/blog\/wp-json\/wp\/v2\/pages\/1104","targetHints":{"allow":["GET"]}}],"collection":[{"href":"https:\/\/projektcydr.pl\/blog\/wp-json\/wp\/v2\/pages"}],"about":[{"href":"https:\/\/projektcydr.pl\/blog\/wp-json\/wp\/v2\/types\/page"}],"author":[{"embeddable":true,"href":"https:\/\/projektcydr.pl\/blog\/wp-json\/wp\/v2\/users\/2"}],"replies":[{"embeddable":true,"href":"https:\/\/projektcydr.pl\/blog\/wp-json\/wp\/v2\/comments?post=1104"}],"version-history":[{"count":4,"href":"https:\/\/projektcydr.pl\/blog\/wp-json\/wp\/v2\/pages\/1104\/revisions"}],"predecessor-version":[{"id":1184,"href":"https:\/\/projektcydr.pl\/blog\/wp-json\/wp\/v2\/pages\/1104\/revisions\/1184"}],"wp:attachment":[{"href":"https:\/\/projektcydr.pl\/blog\/wp-json\/wp\/v2\/media?parent=1104"}],"curies":[{"name":"wp","href":"https:\/\/api.w.org\/{rel}","templated":true}]}}