{"id":256,"date":"2016-02-18T10:24:57","date_gmt":"2016-02-18T09:24:57","guid":{"rendered":"http:\/\/projektcydr.pl\/?page_id=256"},"modified":"2016-02-18T14:50:32","modified_gmt":"2016-02-18T13:50:32","slug":"sg-brix","status":"publish","type":"page","link":"https:\/\/projektcydr.pl\/blog\/sg-brix","title":{"rendered":"SG <-> Brix"},"content":{"rendered":"<p>Kalkulator umo\u017cliwia przeliczanie pomi\u0119dzy ci\u0119\u017carem w\u0142a\u015bciwym (SG) a odpowiadaj\u0105cym procentem Brix, w obie strony. Dodatkowo podaje warto\u015b\u0107 poprawki, o kt\u00f3r\u0105 warto skorygowa\u0107 wynik je\u015bli pomiar by\u0142 robiony w innej temperaturze ni\u017c ta do jakiej zosta\u0142 skalibrowany areometr. Warto\u015b\u0107 poprawki w pewnym stopniu zale\u017cy od zawarto\u015bci alkoholu &#8211; st\u0105d r\u00f3wnie\u017c mo\u017cliwo\u015b\u0107 wybrania %vol.<\/p>\n<form name=\"cp_calculatedfieldsf_pform_1\" id=\"cp_calculatedfieldsf_pform_1\" action=\"?\" method=\"post\" enctype=\"multipart\/form-data\" class=\"cff-form \" >\n<input type=\"hidden\" name=\"cp_calculatedfieldsf_pform_psequence\" value=\"_1\" \/>\n<input type=\"hidden\" name=\"cp_calculatedfieldsf_id\" value=\"16\" \/><pre style=\"display:none !important;\"><script type=\"text\/javascript\">form_structure_1=[[{\"form_identifier\":\"\",\"name\":\"fieldname3\",\"shortlabel\":\"\",\"index\":0,\"ftype\":\"ffieldset\",\"userhelp\":\"\",\"userhelpTooltip\":false,\"csslayout\":\"\",\"fields\":[\"fieldname22\",\"fieldname21\",\"fieldname20\"],\"columns\":\"1\",\"title\":\"Pomiar\",\"fBuild\":{}},{\"form_identifier\":\"\",\"name\":\"fieldname20\",\"shortlabel\":\"\",\"index\":1,\"ftype\":\"fdiv\",\"userhelp\":\"\",\"userhelpTooltip\":false,\"csslayout\":\"\",\"fields\":[\"fieldname10\",\"fieldname6\"],\"columns\":\"2\",\"title\":\"div\",\"fBuild\":{},\"parent\":\"fieldname3\"},{\"form_identifier\":\"\",\"name\":\"fieldname22\",\"shortlabel\":\"\",\"index\":2,\"ftype\":\"fdiv\",\"userhelp\":\"\",\"userhelpTooltip\":false,\"csslayout\":\"\",\"fields\":[\"fieldname1\"],\"columns\":\"2\",\"title\":\"div\",\"fBuild\":{},\"parent\":\"fieldname3\"},{\"form_identifier\":\"\",\"name\":\"fieldname21\",\"shortlabel\":\"\",\"index\":3,\"ftype\":\"fdiv\",\"userhelp\":\"\",\"userhelpTooltip\":false,\"csslayout\":\"\",\"fields\":[\"fieldname2\",\"fieldname9\"],\"columns\":\"2\",\"title\":\"div\",\"fBuild\":{},\"parent\":\"fieldname3\"},{\"form_identifier\":\"\",\"name\":\"fieldname8\",\"shortlabel\":\"\",\"index\":4,\"ftype\":\"ffieldset\",\"userhelp\":\"\",\"userhelpTooltip\":false,\"csslayout\":\"\",\"fields\":[\"fieldname15\",\"fieldname16\",\"fieldname14\"],\"columns\":\"1\",\"title\":\"Poprawka\",\"fBuild\":{},\"parent\":\"fieldname3\"},{\"form_identifier\":\"\",\"name\":\"fieldname15\",\"shortlabel\":\"\",\"index\":5,\"ftype\":\"fdiv\",\"userhelp\":\"\",\"userhelpTooltip\":false,\"csslayout\":\"\",\"fields\":[\"fieldname4\",\"fieldname5\",\"fieldname7\"],\"columns\":\"2\",\"title\":\"div\",\"fBuild\":{},\"parent\":\"fieldname8\"},{\"form_identifier\":\"\",\"name\":\"fieldname16\",\"shortlabel\":\"\",\"index\":6,\"ftype\":\"fdiv\",\"userhelp\":\"\",\"userhelpTooltip\":false,\"csslayout\":\"\",\"fields\":[\"fieldname17\",\"fieldname19\",\"fieldname11\",\"fieldname12\"],\"columns\":\"2\",\"title\":\"div\",\"fBuild\":{},\"parent\":\"fieldname8\"},{\"form_identifier\":\"\",\"name\":\"fieldname2\",\"shortlabel\":\"\",\"index\":7,\"ftype\":\"fnumber\",\"userhelp\":\"podaj warto\\u015b\\u0107 SG do przeliczenia\",\"userhelpTooltip\":false,\"csslayout\":\"\",\"title\":\"ci\\u0119\\u017car w\\u0142a\\u015bciwy (SG)\",\"predefined\":\"1,045\",\"predefinedClick\":false,\"required\":true,\"size\":\"small\",\"thousandSeparator\":\" \",\"decimalSymbol\":\",\",\"min\":\"\",\"max\":\"\",\"dformat\":\"number\",\"formats\":[\"digits\",\"number\"],\"fBuild\":{},\"parent\":\"fieldname21\"},{\"form_identifier\":\"\",\"name\":\"fieldname6\",\"shortlabel\":\"\",\"index\":8,\"ftype\":\"fnumber\",\"userhelp\":\"podaj warto\\u015b\\u0107 Brix do przeliczenia\",\"userhelpTooltip\":false,\"csslayout\":\"\",\"title\":\"procent Brix [\\u003Csup\\u003Eo\\u003C\\\/sup\\u003EBx]\",\"predefined\":\"11,2\",\"predefinedClick\":false,\"required\":true,\"size\":\"small\",\"thousandSeparator\":\" \",\"decimalSymbol\":\",\",\"min\":\"\",\"max\":\"\",\"dformat\":\"number\",\"formats\":[\"digits\",\"number\"],\"fBuild\":{},\"parent\":\"fieldname20\"},{\"form_identifier\":\"\",\"name\":\"fieldname9\",\"shortlabel\":\"\",\"index\":9,\"ftype\":\"fCalculated\",\"userhelp\":\"\",\"userhelpTooltip\":false,\"csslayout\":\"odp_brix\",\"title\":\"procent Brix [\\u003Csup\\u003Eo\\u003C\\\/sup\\u003EBx]\",\"predefined\":\"\",\"required\":false,\"size\":\"small\",\"toolbar\":\"default|mathematical\",\"eq\":\"\",\"optimizeEq\":true,\"eq_factored\":\"\",\"suffix\":\"\",\"prefix\":\"\",\"decimalsymbol\":\",\",\"groupingsymbol\":\" \",\"dependencies\":[{\"rule\":\"\",\"complex\":false,\"fields\":[\"\"]}],\"readonly\":true,\"hidefield\":false,\"fBuild\":{},\"parent\":\"fieldname21\"},{\"form_identifier\":\"\",\"name\":\"fieldname10\",\"shortlabel\":\"\",\"index\":10,\"ftype\":\"fCalculated\",\"userhelp\":\"\",\"userhelpTooltip\":false,\"csslayout\":\"odp_sg\",\"title\":\"ci\\u0119\\u017car w\\u0142a\\u015bciwy (SG)\",\"predefined\":\"\",\"required\":false,\"size\":\"small\",\"toolbar\":\"default|mathematical\",\"eq\":\"\",\"optimizeEq\":true,\"eq_factored\":\"\",\"suffix\":\"\",\"prefix\":\"\",\"decimalsymbol\":\",\",\"groupingsymbol\":\" \",\"dependencies\":[{\"rule\":\"\",\"complex\":false,\"fields\":[\"\"]}],\"readonly\":true,\"hidefield\":false,\"fBuild\":{},\"parent\":\"fieldname20\"},{\"form_identifier\":\"\",\"name\":\"fieldname4\",\"shortlabel\":\"\",\"index\":11,\"ftype\":\"fdropdown\",\"userhelp\":\"podaj temperatur\\u0119 \",\"userhelpTooltip\":false,\"csslayout\":\"\",\"title\":\"Temperatura pomiaru\",\"size\":\"small\",\"required\":true,\"choiceSelected\":\"20 - 20\",\"showDep\":false,\"choices\":[\"4\",\"5\",\"6\",\"7\",\"8\",\"9\",\"10\",\"11\",\"12\",\"13\",\"14\",\"15\",\"15,6\",\"16\",\"17\",\"18\",\"19\",\"20\",\"21\",\"22\",\"23\",\"24\",\"25\"],\"choicesVal\":[\"4\",\"5\",\"6\",\"7\",\"8\",\"9\",\"10\",\"11\",\"12\",\"13\",\"14\",\"15\",\"15.6\",\"16\",\"17\",\"18\",\"19\",\"20\",\"21\",\"22\",\"23\",\"24\",\"25\"],\"choicesDep\":[[],[],[],[],[],[],[],[],[],[],[],[],[],[],[],[],[],[],[],[],[],[],[]],\"fBuild\":{},\"parent\":\"fieldname15\"},{\"form_identifier\":\"\",\"name\":\"fieldname5\",\"shortlabel\":\"\",\"index\":12,\"ftype\":\"fdropdown\",\"userhelp\":\"podaj temperatur\\u0119\",\"userhelpTooltip\":false,\"csslayout\":\"\",\"title\":\"Temperatura kalibracji areometru\",\"size\":\"small\",\"required\":true,\"choiceSelected\":\"20 - 20\",\"showDep\":false,\"choices\":[\"4\",\"5\",\"6\",\"7\",\"8\",\"9\",\"10\",\"11\",\"12\",\"13\",\"14\",\"15\",\"15,6\",\"16\",\"17\",\"18\",\"19\",\"20\",\"21\",\"22\",\"23\",\"24\",\"25\"],\"choicesVal\":[\"4\",\"5\",\"6\",\"7\",\"8\",\"9\",\"10\",\"11\",\"12\",\"13\",\"14\",\"15\",\"15.6\",\"16\",\"17\",\"18\",\"19\",\"20\",\"21\",\"22\",\"23\",\"24\",\"25\"],\"choicesDep\":[[],[],[],[],[],[],[],[],[],[],[],[],[],[],[],[],[],[],[],[],[],[],[]],\"fBuild\":{},\"parent\":\"fieldname15\"},{\"form_identifier\":\"\",\"name\":\"fieldname7\",\"shortlabel\":\"\",\"index\":13,\"ftype\":\"fdropdown\",\"userhelp\":\"podaj przewidywan\\u0105 zawarto\\u015b\\u0107 alkoholu\",\"userhelpTooltip\":false,\"csslayout\":\"alko\",\"title\":\"Zawarto\\u015b\\u0107 alkoholu [%vol]\",\"size\":\"small\",\"required\":true,\"choiceSelected\":\"0 - 0\",\"showDep\":false,\"choices\":[\"0\",\"1\",\"2\",\"3\",\"4\",\"5\",\"6\",\"7\",\"8\",\"9\",\"10\"],\"choicesVal\":[\"0\",\"1\",\"2\",\"3\",\"4\",\"5\",\"6\",\"7\",\"8\",\"9\",\"10\"],\"choicesDep\":[[],[],[],[],[],[],[],[],[],[],[]],\"fBuild\":{},\"parent\":\"fieldname15\"},{\"form_identifier\":\"\",\"name\":\"fieldname11\",\"shortlabel\":\"\",\"index\":14,\"ftype\":\"fCalculated\",\"userhelp\":\"\",\"userhelpTooltip\":false,\"csslayout\":\"kor_sg\",\"title\":\"skorygowany ci\\u0119\\u017car w\\u0142a\\u015bciwy (SG)\",\"predefined\":\"\",\"required\":false,\"size\":\"small\",\"toolbar\":\"default|mathematical\",\"eq\":\"\",\"optimizeEq\":true,\"eq_factored\":\"\",\"suffix\":\"\",\"prefix\":\"\",\"decimalsymbol\":\".\",\"groupingsymbol\":\"\",\"dependencies\":[{\"rule\":\"\",\"complex\":false,\"fields\":[\"\"]}],\"readonly\":true,\"hidefield\":false,\"fBuild\":{},\"parent\":\"fieldname16\"},{\"form_identifier\":\"\",\"name\":\"fieldname17\",\"shortlabel\":\"\",\"index\":15,\"ftype\":\"fCalculated\",\"userhelp\":\"\",\"userhelpTooltip\":false,\"csslayout\":\"popr_sg\",\"title\":\"poprawka SG\",\"predefined\":\"\",\"required\":false,\"size\":\"small\",\"toolbar\":\"default|mathematical\",\"eq\":\"\",\"optimizeEq\":true,\"eq_factored\":\"\",\"suffix\":\"\",\"prefix\":\"\",\"decimalsymbol\":\".\",\"groupingsymbol\":\"\",\"dependencies\":[{\"rule\":\"\",\"complex\":false,\"fields\":[\"\"]}],\"readonly\":true,\"hidefield\":false,\"fBuild\":{},\"parent\":\"fieldname16\"},{\"form_identifier\":\"\",\"name\":\"fieldname19\",\"shortlabel\":\"\",\"index\":16,\"ftype\":\"fCalculated\",\"userhelp\":\"\",\"userhelpTooltip\":false,\"csslayout\":\"popr_brix\",\"title\":\"poprawka Brix\",\"predefined\":\"\",\"required\":false,\"size\":\"small\",\"toolbar\":\"default|mathematical\",\"eq\":\"\",\"optimizeEq\":true,\"eq_factored\":\"\",\"suffix\":\"\",\"prefix\":\"\",\"decimalsymbol\":\".\",\"groupingsymbol\":\"\",\"dependencies\":[{\"rule\":\"\",\"complex\":false,\"fields\":[\"\"]}],\"readonly\":true,\"hidefield\":false,\"fBuild\":{},\"parent\":\"fieldname16\"},{\"form_identifier\":\"\",\"name\":\"fieldname12\",\"shortlabel\":\"\",\"index\":17,\"ftype\":\"fCalculated\",\"userhelp\":\"\",\"userhelpTooltip\":false,\"csslayout\":\"kor_brix\",\"title\":\"skorygowany procent Brix [\\u003Csup\\u003Eo\\u003C\\\/sup\\u003EBx]\",\"predefined\":\"\",\"required\":false,\"size\":\"small\",\"toolbar\":\"default|mathematical\",\"eq\":\"\",\"optimizeEq\":true,\"eq_factored\":\"\",\"suffix\":\"\",\"prefix\":\"\",\"decimalsymbol\":\".\",\"groupingsymbol\":\"\",\"dependencies\":[{\"rule\":\"\",\"complex\":false,\"fields\":[\"\"]}],\"readonly\":true,\"hidefield\":false,\"fBuild\":{},\"parent\":\"fieldname16\"},{\"form_identifier\":\"\",\"name\":\"fieldname14\",\"shortlabel\":\"\",\"index\":18,\"ftype\":\"fCalculated\",\"userhelp\":\"\",\"userhelpTooltip\":false,\"csslayout\":\"\",\"title\":\"obliczenia\",\"predefined\":\"\",\"required\":false,\"size\":\"large\",\"toolbar\":\"default|mathematical\",\"eq\":\"var t_pom = fieldname4;\\nvar t_kal = fieldname5;\\n\\nif (t_pom == t_kal) {\\njQuery( '.popr_sg' ).hide();\\njQuery( '.popr_brix' ).hide();\\njQuery( '.kor_sg' ).hide();\\njQuery( '.kor_brix' ).hide();\\njQuery( '.alko' ).hide();\\n}\\nelse{\\njQuery( '.popr_sg' ).show();\\njQuery( '.popr_brix' ).show();\\njQuery( '.kor_sg' ).show();\\njQuery( '.kor_brix' ).show();\\njQuery( '.alko' ).show();\\n}\\n\\nvar sg_or_brix = fieldname1;\\nvar input_sg;\\nvar sg;\\nvar brix;\\n\\nif (sg_or_brix == 0) {\\ninput_sg = fieldname2; \\nsg = input_sg;\\nbrix = -0.00224818175643102 + 258.548032335979*(input_sg-1) - 220.480124276531*pow(input_sg-1,2) + 117.372985565982*pow(input_sg-1,3); \\njQuery( '.odp_brix input' ).val( prec(brix,2).toString().replace(\\\/\\\\.\\\/g, ',') );\\n}\\nelse {\\ninput_brix = fieldname6; \\nbrix = input_brix;\\nsg = 1.00001209712004 + 0.00386834895626389*input_brix + 0.00001263268254*pow(input_brix,2) + 0.00000006824713125514*pow(input_brix,3); \\njQuery( '.odp_sg input' ).val( prec(sg,4).toString().replace(\\\/\\\\.\\\/g, ',') );\\n}\\n\\nvar poprawka;\\nvar vol = fieldname7;\\nvar ro_pom;\\nvar ro_kal;\\n\\nif (t_pom != t_kal) {\\n\\nswitch(vol) {\\n    case 0:\\n\\tro_pom = 999.886085708342 + 0.0609419893607536*t_pom - 0.00818239769383934*pow(t_pom,2) + 0.0000496151445808196*pow(t_pom,3);\\n\\tro_kal = 999.886085708342 + 0.0609419893607536*t_kal - 0.00818239769383934*pow(t_kal,2) + 0.0000496151445808196*pow(t_kal,3);\\n\\tbreak; \\n\\n    case 1:\\n\\tro_pom = 998.338701536449 + 0.0592409977512952*t_pom - 0.00794152872299325*pow(t_pom,2) + 0.0000437209624852645*pow(t_pom,3);\\n\\tro_kal = 998.338701536449 + 0.0592409977512952*t_kal - 0.00794152872299325*pow(t_kal,2) + 0.0000437209624852645*pow(t_kal,3);\\n\\tbreak; \\n\\n    case 2:\\n\\tro_pom = 996.878449998514 + 0.0595955105154189*t_pom - 0.00800346221284436*pow(t_pom,2) + 0.0000451771721794604*pow(t_pom,3);\\n\\tro_kal = 996.878449998514 + 0.0595955105154189*t_kal - 0.00800346221284436*pow(t_kal,2) + 0.0000451771721794604*pow(t_kal,3);\\n\\tbreak; \\n\\n    case 3:\\n\\tro_pom = 995.50150331362 + 0.0521795348053929*t_pom - 0.00755594519896579*pow(t_pom,2) + 0.0000355384508702586*pow(t_pom,3);\\n\\tro_kal = 995.50150331362 + 0.0521795348053929*t_kal - 0.00755594519896579*pow(t_kal,2) + 0.0000355384508702586*pow(t_kal,3);\\n\\tbreak; \\n\\n    case 4:\\n\\tro_pom = 994.144976284585 + 0.052573593073593*t_pom - 0.00776510446075663*pow(t_pom,2) + 0.0000401844532279314*pow(t_pom,3);\\n\\tro_kal = 994.144976284585 + 0.052573593073593*t_kal - 0.00776510446075663*pow(t_kal,2) + 0.0000401844532279314*pow(t_kal,3);\\n\\tbreak; \\n\\n    case 5:\\n\\tro_pom = 992.861136348777 + 0.047255406302317*t_pom - 0.00762468424024488*pow(t_pom,2) + 0.000037410720477082*pow(t_pom,3);\\n\\tro_kal = 992.861136348777 + 0.047255406302317*t_kal - 0.00762468424024488*pow(t_kal,2) + 0.000037410720477082*pow(t_kal,3);\\n\\tbreak; \\n\\n    case 6:\\n\\tro_pom = 991.621145502095 + 0.0411652897064796*t_pom - 0.0074411572409284*pow(t_pom,2) + 0.000032591359822481*pow(t_pom,3);\\n\\tro_kal = 991.621145502095 + 0.0411652897064796*t_kal - 0.0074411572409284*pow(t_kal,2) + 0.000032591359822481*pow(t_kal,3);\\n\\tbreak; \\n\\n    case 7:\\n\\tro_pom = 990.40873776338 + 0.0409288686142233*t_pom - 0.00783063389699545*pow(t_pom,2) + 0.0000419180361972123*pow(t_pom,3);\\n\\tro_kal = 990.40873776338 + 0.0409288686142233*t_kal - 0.00783063389699545*pow(t_kal,2) + 0.0000419180361972123*pow(t_kal,3);\\n\\tbreak; \\n\\n    case 8:\\n\\tro_pom = 989.282425510416 + 0.0295585505265139*t_pom - 0.00744045885464649*pow(t_pom,2) + 0.0000333541363289646*pow(t_pom,3);\\n\\tro_kal = 989.282425510416 + 0.0295585505265139*t_kal - 0.00744045885464649*pow(t_kal,2) + 0.0000333541363289646*pow(t_kal,3);\\n\\tbreak; \\n\\n    case 9:\\n\\tro_pom = 988.164497548218 + 0.0273766530951885*t_pom - 0.0078247347618057*pow(t_pom,2) + 0.0000423340961098398*pow(t_pom,3);\\n\\tro_kal = 988.164497548218 + 0.0273766530951885*t_kal - 0.0078247347618057*pow(t_kal,2) + 0.0000423340961098398*pow(t_kal,3);\\n\\tbreak; \\n\\n    case 10:\\n\\tro_pom = 987.132818895063 + 0.0144225038881789*t_pom - 0.00751685042646141*pow(t_pom,2) + 0.000036959988905069*pow(t_pom,3);\\n\\tro_kal = 987.132818895063 + 0.0144225038881789*t_kal - 0.00751685042646141*pow(t_kal,2) + 0.000036959988905069*pow(t_kal,3);\\n\\tbreak; \\n\\t\\n    default:\\n\\tro_pom = 1;\\n\\tro_kal = 1;\\n\\t}\\npoprawka = ro_kal \\\/ ro_pom;\\n}\\nelse {\\npoprawka = 1;}\\n\\nvar sg_kor = sg * poprawka;\\nvar brix_kor = -0.00224818175643102 + 258.548032335979*(sg_kor-1) - 220.480124276531*pow(sg_kor-1,2) + 117.372985565982*pow(sg_kor-1,3); \\n\\njQuery( '.popr_sg input' ).val( prec(sg_kor-sg,5).toString().replace(\\\/\\\\.\\\/g, ','));\\njQuery( '.popr_brix input' ).val( prec(brix_kor-brix,3).toString().replace(\\\/\\\\.\\\/g, ','));\\njQuery( '.kor_sg input' ).val( prec(sg_kor,4).toString().replace(\\\/\\\\.\\\/g, ',') );\\njQuery( '.kor_brix input' ).val( prec(brix_kor,2).toString().replace(\\\/\\\\.\\\/g, ',') );\",\"optimizeEq\":true,\"eq_factored\":\"(var t_pom = fieldname4;\\nvar t_kal = fieldname5;\\n\\nif (t_pom == t_kal) {\\njQuery( '.popr_sg' ).hide();\\njQuery( '.popr_brix' ).hide();\\njQuery( '.kor_sg' ).hide();\\njQuery( '.kor_brix' ).hide();\\njQuery( '.alko' ).hide();\\n}\\nelse{\\njQuery( '.popr_sg' ).show();\\njQuery( '.popr_brix' ).show();\\njQuery( '.kor_sg' ).show();\\njQuery( '.kor_brix' ).show();\\njQuery( '.alko' ).show();\\n}\\n\\nvar sg_or_brix = fieldname1;\\nvar input_sg;\\nvar sg;\\nvar brix;\\n\\nif (sg_or_brix == 0) {\\ninput_sg = fieldname2; \\nsg = input_sg;\\nbrix = -0.00224818175643102 + 258.548032335979*(input_sg-1) - 220.480124276531*pow(input_sg-1,2) + 117.372985565982*pow(input_sg-1,3); \\njQuery( '.odp_brix input' ).val( prec(brix,2).toString().replace(\\\/\\\\.\\\/g, ',') );\\n}\\nelse {\\ninput_brix = fieldname6; \\nbrix = input_brix;\\nsg = 1.00001209712004 + 0.00386834895626389*input_brix + 0.00001263268254*pow(input_brix,2) + 0.00000006824713125514*pow(input_brix,3); \\njQuery( '.odp_sg input' ).val( prec(sg,4).toString().replace(\\\/\\\\.\\\/g, ',') );\\n}\\n\\nvar poprawka;\\nvar vol = fieldname7;\\nvar ro_pom;\\nvar ro_kal;\\n\\nif (t_pom != t_kal) {\\n\\nswitch(vol) {\\n    case 0:\\n\\tro_pom = 999.886085708342 + 0.0609419893607536*t_pom - 0.00818239769383934*pow(t_pom,2) + 0.0000496151445808196*pow(t_pom,3);\\n\\tro_kal = 999.886085708342 + 0.0609419893607536*t_kal - 0.00818239769383934*pow(t_kal,2) + 0.0000496151445808196*pow(t_kal,3);\\n\\tbreak; \\n\\n    case 1:\\n\\tro_pom = 998.338701536449 + 0.0592409977512952*t_pom - 0.00794152872299325*pow(t_pom,2) + 0.0000437209624852645*pow(t_pom,3);\\n\\tro_kal = 998.338701536449 + 0.0592409977512952*t_kal - 0.00794152872299325*pow(t_kal,2) + 0.0000437209624852645*pow(t_kal,3);\\n\\tbreak; \\n\\n    case 2:\\n\\tro_pom = 996.878449998514 + 0.0595955105154189*t_pom - 0.00800346221284436*pow(t_pom,2) + 0.0000451771721794604*pow(t_pom,3);\\n\\tro_kal = 996.878449998514 + 0.0595955105154189*t_kal - 0.00800346221284436*pow(t_kal,2) + 0.0000451771721794604*pow(t_kal,3);\\n\\tbreak; \\n\\n    case 3:\\n\\tro_pom = 995.50150331362 + 0.0521795348053929*t_pom - 0.00755594519896579*pow(t_pom,2) + 0.0000355384508702586*pow(t_pom,3);\\n\\tro_kal = 995.50150331362 + 0.0521795348053929*t_kal - 0.00755594519896579*pow(t_kal,2) + 0.0000355384508702586*pow(t_kal,3);\\n\\tbreak; \\n\\n    case 4:\\n\\tro_pom = 994.144976284585 + 0.052573593073593*t_pom - 0.00776510446075663*pow(t_pom,2) + 0.0000401844532279314*pow(t_pom,3);\\n\\tro_kal = 994.144976284585 + 0.052573593073593*t_kal - 0.00776510446075663*pow(t_kal,2) + 0.0000401844532279314*pow(t_kal,3);\\n\\tbreak; \\n\\n    case 5:\\n\\tro_pom = 992.861136348777 + 0.047255406302317*t_pom - 0.00762468424024488*pow(t_pom,2) + 0.000037410720477082*pow(t_pom,3);\\n\\tro_kal = 992.861136348777 + 0.047255406302317*t_kal - 0.00762468424024488*pow(t_kal,2) + 0.000037410720477082*pow(t_kal,3);\\n\\tbreak; \\n\\n    case 6:\\n\\tro_pom = 991.621145502095 + 0.0411652897064796*t_pom - 0.0074411572409284*pow(t_pom,2) + 0.000032591359822481*pow(t_pom,3);\\n\\tro_kal = 991.621145502095 + 0.0411652897064796*t_kal - 0.0074411572409284*pow(t_kal,2) + 0.000032591359822481*pow(t_kal,3);\\n\\tbreak; \\n\\n    case 7:\\n\\tro_pom = 990.40873776338 + 0.0409288686142233*t_pom - 0.00783063389699545*pow(t_pom,2) + 0.0000419180361972123*pow(t_pom,3);\\n\\tro_kal = 990.40873776338 + 0.0409288686142233*t_kal - 0.00783063389699545*pow(t_kal,2) + 0.0000419180361972123*pow(t_kal,3);\\n\\tbreak; \\n\\n    case 8:\\n\\tro_pom = 989.282425510416 + 0.0295585505265139*t_pom - 0.00744045885464649*pow(t_pom,2) + 0.0000333541363289646*pow(t_pom,3);\\n\\tro_kal = 989.282425510416 + 0.0295585505265139*t_kal - 0.00744045885464649*pow(t_kal,2) + 0.0000333541363289646*pow(t_kal,3);\\n\\tbreak; \\n\\n    case 9:\\n\\tro_pom = 988.164497548218 + 0.0273766530951885*t_pom - 0.0078247347618057*pow(t_pom,2) + 0.0000423340961098398*pow(t_pom,3);\\n\\tro_kal = 988.164497548218 + 0.0273766530951885*t_kal - 0.0078247347618057*pow(t_kal,2) + 0.0000423340961098398*pow(t_kal,3);\\n\\tbreak; \\n\\n    case 10:\\n\\tro_pom = 987.132818895063 + 0.0144225038881789*t_pom - 0.00751685042646141*pow(t_pom,2) + 0.000036959988905069*pow(t_pom,3);\\n\\tro_kal = 987.132818895063 + 0.0144225038881789*t_kal - 0.00751685042646141*pow(t_kal,2) + 0.000036959988905069*pow(t_kal,3);\\n\\tbreak; \\n\\t\\n    default:\\n\\tro_pom = 1;\\n\\tro_kal = 1;\\n\\t}\\npoprawka = ro_kal \\\/ ro_pom;\\n}\\nelse {\\npoprawka = 1;}\\n\\nvar sg_kor = sg * poprawka;\\nvar brix_kor = -0.00224818175643102 + 258.548032335979*(sg_kor-1) - 220.480124276531*pow(sg_kor-1,2) + 117.372985565982*pow(sg_kor-1,3); \\n\\njQuery( '.popr_sg input' ).val( prec(sg_kor-sg,5).toString().replace(\\\/\\\\.\\\/g, ','));\\njQuery( '.popr_brix input' ).val( prec(brix_kor-brix,3).toString().replace(\\\/\\\\.\\\/g, ','));\\njQuery( '.kor_sg input' ).val( prec(sg_kor,4).toString().replace(\\\/\\\\.\\\/g, ',') );\\njQuery( '.kor_brix input' ).val( prec(brix_kor,2).toString().replace(\\\/\\\\.\\\/g, ',') );)\",\"suffix\":\"\",\"prefix\":\"\",\"decimalsymbol\":\".\",\"groupingsymbol\":\"\",\"dependencies\":[{\"rule\":\"\",\"complex\":false,\"fields\":[\"\"]}],\"readonly\":true,\"hidefield\":true,\"fBuild\":{},\"parent\":\"fieldname8\"},{\"form_identifier\":\"\",\"name\":\"fieldname1\",\"shortlabel\":\"\",\"index\":19,\"ftype\":\"fradio\",\"userhelp\":\"wybierz co chcesz przelicza\\u0107\",\"userhelpTooltip\":false,\"csslayout\":\"\",\"title\":\"\",\"layout\":\"one_column\",\"required\":false,\"choiceSelected\":\"SG --\\u003E Brix - 0\",\"showDep\":true,\"choices\":[\"SG --\\u003E Brix\",\"Brix --\\u003E SG\"],\"choicesVal\":[\"0\",\"1\"],\"choicesDep\":[[\"fieldname2\",\"fieldname9\"],[\"fieldname6\",\"fieldname10\"]],\"fBuild\":{},\"parent\":\"fieldname22\"}],{\"0\":{\"title\":\"Kalkulator SG \\u003C-\\u003E Brix\",\"description\":\"\",\"formlayout\":\"top_aligned\",\"formtemplate\":\"cp_cff_natural\",\"autocomplete\":0,\"evalequations\":1},\"formid\":\"cp_calculatedfieldsf_pform_1\"}];<\/script><\/pre>\n<div id=\"fbuilder\">\n\t\t<div id=\"fbuilder_1\">\n\t\t<div id=\"formheader_1\"><\/div>\n\t\t<div id=\"fieldlist_1\"><\/div>\n\t\t<div class=\"clearer\"><\/div>\n\t<\/div>\n<\/div>\n<div class=\"clearer\"><\/div>\n<\/form>\n\t\n<p>&nbsp;<\/p>\n<p>Kalkulator dzia\u0142a na bazie tabeli <a href=\"http:\/\/projektcydr.pl\/blog\/wp-content\/uploads\/2016\/02\/Circular-440-Table-114.pdf\" rel=\"\">Circular 440<\/a>, z kt\u00f3rej mo\u017cna wyczyta\u0107 zale\u017cno\u015bci mi\u0119dzy SG i Brix. Poprawka liczona jest na podstawie danych o g\u0119sto\u015bci z <a href=\"http:\/\/projektcydr.pl\/blog\/wp-content\/uploads\/2016\/02\/Tabele-Alkoholometryczne-OIML.pdf\" rel=\"\">tabel alkoholometrycznych. <\/a>U\u017cyte w kalkulatorze wzory maj\u0105 dok\u0142adno\u015b\u0107 0,00001 dla SG(Brix) i 0,003 dla Brix(SG), w zakresie SG 1,000 &#8211; 1,075.<\/p>\n","protected":false},"excerpt":{"rendered":"<p>Kalkulator umo\u017cliwia przeliczanie pomi\u0119dzy ci\u0119\u017carem w\u0142a\u015bciwym (SG) a odpowiadaj\u0105cym procentem Brix, w obie strony. Dodatkowo podaje warto\u015b\u0107 poprawki, o kt\u00f3r\u0105 warto skorygowa\u0107 wynik je\u015bli pomiar by\u0142 robiony w innej temperaturze ni\u017c ta do jakiej zosta\u0142 skalibrowany areometr. Warto\u015b\u0107 poprawki w &hellip; <a href=\"https:\/\/projektcydr.pl\/blog\/sg-brix\">Czytaj dalej <span class=\"meta-nav\">&rarr;<\/span><\/a><\/p>\n","protected":false},"author":2,"featured_media":0,"parent":0,"menu_order":0,"comment_status":"open","ping_status":"closed","template":"","meta":{"footnotes":""},"class_list":["post-256","page","type-page","status-publish","hentry"],"_links":{"self":[{"href":"https:\/\/projektcydr.pl\/blog\/wp-json\/wp\/v2\/pages\/256","targetHints":{"allow":["GET"]}}],"collection":[{"href":"https:\/\/projektcydr.pl\/blog\/wp-json\/wp\/v2\/pages"}],"about":[{"href":"https:\/\/projektcydr.pl\/blog\/wp-json\/wp\/v2\/types\/page"}],"author":[{"embeddable":true,"href":"https:\/\/projektcydr.pl\/blog\/wp-json\/wp\/v2\/users\/2"}],"replies":[{"embeddable":true,"href":"https:\/\/projektcydr.pl\/blog\/wp-json\/wp\/v2\/comments?post=256"}],"version-history":[{"count":11,"href":"https:\/\/projektcydr.pl\/blog\/wp-json\/wp\/v2\/pages\/256\/revisions"}],"predecessor-version":[{"id":287,"href":"https:\/\/projektcydr.pl\/blog\/wp-json\/wp\/v2\/pages\/256\/revisions\/287"}],"wp:attachment":[{"href":"https:\/\/projektcydr.pl\/blog\/wp-json\/wp\/v2\/media?parent=256"}],"curies":[{"name":"wp","href":"https:\/\/api.w.org\/{rel}","templated":true}]}}