{"id":5668,"date":"2024-07-09T13:26:08","date_gmt":"2024-07-09T12:26:08","guid":{"rendered":"https:\/\/projektcydr.pl\/blog\/?page_id=5668"},"modified":"2024-07-09T14:03:02","modified_gmt":"2024-07-09T13:03:02","slug":"moje-odmiany-cydrowe","status":"publish","type":"page","link":"https:\/\/projektcydr.pl\/blog\/moje-odmiany-cydrowe","title":{"rendered":"Moje drzewka"},"content":{"rendered":"\n<p>Z czasem dorobi\u0142em si\u0119 ca\u0142kiem poka\u017anej kolekcji cydrowych odmian jab\u0142oni. <br>Obecnie posiadam nast\u0119puj\u0105ce:<\/p>\n\n\n\n<p><strong>Angielskie<\/strong><\/p>\n\n\n\n<ol class=\"wp-block-list\">\n<li>Ashton Bitter<\/li>\n\n\n\n<li>Bulmers Norman<\/li>\n\n\n\n<li>Chisel Jersey<\/li>\n\n\n\n<li>Dabinett<\/li>\n\n\n\n<li>Ellis Bitter<\/li>\n\n\n\n<li>Foxwhelp<\/li>\n\n\n\n<li>Harry Masters Jersey<\/li>\n\n\n\n<li>Kingston Black<\/li>\n\n\n\n<li>Major<\/li>\n\n\n\n<li>Michelin<\/li>\n\n\n\n<li>Royal Wildling<\/li>\n\n\n\n<li>Somerset Redstreak<\/li>\n\n\n\n<li>Stoke Red<\/li>\n\n\n\n<li>Tremlett\u2019s Bitter<\/li>\n\n\n\n<li>Yarlington Mill<\/li>\n<\/ol>\n\n\n\n<p><strong>Francuskie<\/strong><\/p>\n\n\n\n<ol class=\"wp-block-list\">\n<li>Bedan<\/li>\n\n\n\n<li>Binet Rouge<\/li>\n\n\n\n<li>Bisquet<\/li>\n\n\n\n<li>Clos Renaux<\/li>\n\n\n\n<li>Douce Co\u00ebt Lign\u00e9<\/li>\n\n\n\n<li>Douce Mo\u00ebn<\/li>\n\n\n\n<li>Fr\u00e9quin Rouge<\/li>\n\n\n\n<li>Jacques Lebel<\/li>\n\n\n\n<li>Jeanne Renard<\/li>\n\n\n\n<li>Judeline<\/li>\n\n\n\n<li>Kermerrien<\/li>\n\n\n\n<li>Marie Menard<\/li>\n\n\n\n<li>Medaille d\u2019Or<\/li>\n\n\n\n<li>Muscadet de Dieppe<\/li>\n\n\n\n<li>Noel des Champs<\/li>\n\n\n\n<li>Reine des Pommes<\/li>\n<\/ol>\n\n\n\n<p>Je\u015bli kto\u015b jest zainteresowany, to ch\u0119tnie udost\u0119pni\u0119 ga\u0142\u0105zki do szczepie\u0144. Ci\u0119cia robi\u0119 co roku, pod koniec lutego. Najlepiej zg\u0142osi\u0107 si\u0119 z wyprzedzeniem, \u017cebym m\u00f3g\u0142 sobie zaplanowa\u0107.<\/p>\n\n\n\n<p>Ewentualnie, je\u015bli kto\u015b nie czuje si\u0119 na si\u0142ach \u017ceby samodzielnie pobawi\u0107 si\u0119 w szczepienie, a bardzo pragnie mie\u0107 cydrow\u0105 jab\u0142onk\u0119, to mog\u0119 przygotowa\u0107 gotow\u0105 sadzonk\u0119 \u2013 z tym, \u017ce oczywi\u015bcie to troch\u0119 potrwa. <\/p>\n\n\n\n<p>Zapraszam do kontaktu.<\/p>\n","protected":false},"excerpt":{"rendered":"<p>Z czasem dorobi\u0142em si\u0119 ca\u0142kiem poka\u017anej kolekcji cydrowych odmian jab\u0142oni. Obecnie posiadam nast\u0119puj\u0105ce: Angielskie Francuskie Je\u015bli kto\u015b jest zainteresowany, to ch\u0119tnie udost\u0119pni\u0119 ga\u0142\u0105zki do szczepie\u0144. Ci\u0119cia robi\u0119 co roku, pod koniec lutego. Najlepiej zg\u0142osi\u0107 si\u0119 z wyprzedzeniem, \u017cebym m\u00f3g\u0142 sobie &hellip; <a href=\"https:\/\/projektcydr.pl\/blog\/moje-odmiany-cydrowe\">Czytaj dalej <span class=\"meta-nav\">&rarr;<\/span><\/a><\/p>\n","protected":false},"author":1,"featured_media":0,"parent":0,"menu_order":0,"comment_status":"open","ping_status":"closed","template":"","meta":{"footnotes":""},"class_list":["post-5668","page","type-page","status-publish","hentry"],"_links":{"self":[{"href":"https:\/\/projektcydr.pl\/blog\/wp-json\/wp\/v2\/pages\/5668","targetHints":{"allow":["GET"]}}],"collection":[{"href":"https:\/\/projektcydr.pl\/blog\/wp-json\/wp\/v2\/pages"}],"about":[{"href":"https:\/\/projektcydr.pl\/blog\/wp-json\/wp\/v2\/types\/page"}],"author":[{"embeddable":true,"href":"https:\/\/projektcydr.pl\/blog\/wp-json\/wp\/v2\/users\/1"}],"replies":[{"embeddable":true,"href":"https:\/\/projektcydr.pl\/blog\/wp-json\/wp\/v2\/comments?post=5668"}],"version-history":[{"count":4,"href":"https:\/\/projektcydr.pl\/blog\/wp-json\/wp\/v2\/pages\/5668\/revisions"}],"predecessor-version":[{"id":5695,"href":"https:\/\/projektcydr.pl\/blog\/wp-json\/wp\/v2\/pages\/5668\/revisions\/5695"}],"wp:attachment":[{"href":"https:\/\/projektcydr.pl\/blog\/wp-json\/wp\/v2\/media?parent=5668"}],"curies":[{"name":"wp","href":"https:\/\/api.w.org\/{rel}","templated":true}]}}