{"id":818,"date":"2016-10-04T10:33:08","date_gmt":"2016-10-04T09:33:08","guid":{"rendered":"http:\/\/projektcydr.pl\/?page_id=818"},"modified":"2016-10-04T10:41:15","modified_gmt":"2016-10-04T09:41:15","slug":"pozywki","status":"publish","type":"page","link":"https:\/\/projektcydr.pl\/blog\/pozywki","title":{"rendered":"Po\u017cywki dla dro\u017cd\u017cy"},"content":{"rendered":"<p>Poni\u017cszy kalkulator pomaga wyznaczy\u0107 dawk\u0119 po\u017cywki jak\u0105 mo\u017cna doda\u0107 do soku celem lepszego od\u017cywienia dro\u017cd\u017cy.<\/p>\n<p>Zwykle po\u017cywki zawieraj\u0105 zar\u00f3wno \u017ar\u00f3d\u0142o azotu jak i witaminy B1, w r\u00f3\u017cnych proporcjach. St\u0105d dwa wyniki, kt\u00f3re m\u00f3wi\u0105 ile trzeba by doda\u0107, \u017ceby uzupe\u0142ni\u0107 azot, a ile \u017ceby uzupe\u0142ni\u0107 witamin\u0119 B1.<\/p>\n<form name=\"cp_calculatedfieldsf_pform_1\" id=\"cp_calculatedfieldsf_pform_1\" action=\"?\" method=\"post\" enctype=\"multipart\/form-data\" class=\"cff-form \" >\n<input type=\"hidden\" name=\"cp_calculatedfieldsf_pform_psequence\" value=\"_1\" \/>\n<input type=\"hidden\" name=\"cp_calculatedfieldsf_id\" value=\"17\" \/><pre style=\"display:none !important;\"><script type=\"text\/javascript\">form_structure_1=[[{\"form_identifier\":\"\",\"name\":\"fieldname23\",\"shortlabel\":\"\",\"index\":0,\"ftype\":\"ffieldset\",\"userhelp\":\"\",\"userhelpTooltip\":false,\"csslayout\":\"\",\"fields\":[\"fieldname26\"],\"columns\":1,\"title\":\"Parametry soku i po\\u017cywki\",\"fBuild\":{}},{\"form_identifier\":\"\",\"name\":\"fieldname25\",\"shortlabel\":\"\",\"index\":1,\"ftype\":\"ffieldset\",\"userhelp\":\"\",\"userhelpTooltip\":false,\"csslayout\":\"\",\"fields\":[\"fieldname29\"],\"columns\":1,\"title\":\"Po\\u017cywka\",\"fBuild\":{},\"parent\":\"fieldname24\"},{\"form_identifier\":\"\",\"name\":\"fieldname13\",\"shortlabel\":\"\",\"index\":2,\"ftype\":\"fSectionBreak\",\"userhelp\":\"\",\"userhelpTooltip\":false,\"csslayout\":\"\",\"title\":\"\",\"fBuild\":{}},{\"form_identifier\":\"\",\"name\":\"fieldname2\",\"shortlabel\":\"\",\"index\":3,\"ftype\":\"fnumber\",\"userhelp\":\"podaj ci\\u0119\\u017car w\\u0142a\\u015bciwy soku\",\"userhelpTooltip\":false,\"csslayout\":\"column2\",\"title\":\"ci\\u0119\\u017car w\\u0142a\\u015bciwy soku (SG)\",\"predefined\":\"1,045\",\"predefinedClick\":false,\"required\":true,\"size\":\"small\",\"thousandSeparator\":\" \",\"decimalSymbol\":\",\",\"min\":\"1\",\"max\":\"\",\"dformat\":\"number\",\"formats\":[\"digits\",\"number\"],\"fBuild\":{},\"parent\":\"fieldname26\"},{\"form_identifier\":\"\",\"name\":\"fieldname42\",\"shortlabel\":\"\",\"index\":4,\"ftype\":\"fnumber\",\"userhelp\":\"\",\"userhelpTooltip\":false,\"csslayout\":\"column2\",\"title\":\"zawarto\\u015b\\u0107 zwi\\u0105zk\\u00f3w amonu [%]\",\"predefined\":\"99,8\",\"predefinedClick\":false,\"required\":true,\"size\":\"small\",\"thousandSeparator\":\" \",\"decimalSymbol\":\",\",\"min\":\"0\",\"max\":\"100\",\"dformat\":\"number\",\"formats\":[\"digits\",\"number\"],\"fBuild\":{},\"parent\":\"fieldname26\"},{\"form_identifier\":\"\",\"name\":\"fieldname43\",\"shortlabel\":\"\",\"index\":5,\"ftype\":\"fnumber\",\"userhelp\":\"\",\"userhelpTooltip\":false,\"csslayout\":\"column2\",\"title\":\"zawarto\\u015b\\u0107 witaminy B1 (tiamina) [%]\",\"predefined\":\"0,2\",\"predefinedClick\":false,\"required\":true,\"size\":\"small\",\"thousandSeparator\":\" \",\"decimalSymbol\":\",\",\"min\":\"0\",\"max\":\"100\",\"dformat\":\"number\",\"formats\":[\"digits\",\"number\"],\"fBuild\":{},\"parent\":\"fieldname26\"},{\"form_identifier\":\"\",\"name\":\"fieldname32\",\"shortlabel\":\"\",\"index\":6,\"ftype\":\"fnumber\",\"userhelp\":\"podaj obj\\u0119to\\u015b\\u0107 soku\",\"userhelpTooltip\":false,\"csslayout\":\"column2\",\"title\":\"obj\\u0119to\\u015b\\u0107 soku [L]\",\"predefined\":\"1\",\"predefinedClick\":false,\"required\":true,\"size\":\"small\",\"thousandSeparator\":\" \",\"decimalSymbol\":\",\",\"min\":\"\",\"max\":\"\",\"dformat\":\"number\",\"formats\":[\"digits\",\"number\"],\"fBuild\":{},\"parent\":\"fieldname26\"},{\"form_identifier\":\"\",\"name\":\"fieldname26\",\"shortlabel\":\"\",\"index\":7,\"ftype\":\"fdiv\",\"userhelp\":\"\",\"userhelpTooltip\":false,\"csslayout\":\"\",\"fields\":[\"fieldname32\",\"fieldname2\",\"fieldname42\",\"fieldname43\"],\"columns\":\"2\",\"title\":\"div\",\"fBuild\":{},\"parent\":\"fieldname23\"},{\"form_identifier\":\"\",\"name\":\"fieldname9\",\"shortlabel\":\"\",\"index\":8,\"ftype\":\"fCalculated\",\"userhelp\":\"uzupe\\u0142nienie azotu\",\"userhelpTooltip\":false,\"csslayout\":\"\",\"title\":\"masa po\\u017cywki [g]\",\"predefined\":\"\",\"required\":false,\"size\":\"small\",\"toolbar\":\"default|mathematical\",\"eq\":\"PREC((0.05*fieldname32*100\\\/fieldname42)*(fieldname2-1)*100,2)\",\"optimizeEq\":false,\"eq_factored\":\"(PREC((0.05*fieldname32*100\\\/fieldname42)*(fieldname2-1)*100,2))\",\"suffix\":\"\",\"prefix\":\"\",\"decimalsymbol\":\",\",\"groupingsymbol\":\"\",\"dependencies\":[{\"rule\":\"\",\"complex\":false,\"fields\":[\"\"]}],\"readonly\":true,\"hidefield\":false,\"fBuild\":{},\"parent\":\"fieldname29\"},{\"form_identifier\":\"\",\"name\":\"fieldname45\",\"shortlabel\":\"\",\"index\":9,\"ftype\":\"fCalculated\",\"userhelp\":\" uzupe\\u0142nienie witaminy B1 \",\"userhelpTooltip\":false,\"csslayout\":\"\",\"title\":\"masa po\\u017cywki [g]\",\"predefined\":\"\",\"required\":false,\"size\":\"small\",\"toolbar\":\"default|mathematical\",\"eq\":\"PREC(0.0002*fieldname32*100\\\/fieldname43,2)\",\"optimizeEq\":false,\"eq_factored\":\"(PREC(0.0002*fieldname32*100\\\/fieldname43,2))\",\"suffix\":\"\",\"prefix\":\"\",\"decimalsymbol\":\",\",\"groupingsymbol\":\"\",\"dependencies\":[{\"rule\":\"\",\"complex\":false,\"fields\":[\"\"]}],\"readonly\":true,\"hidefield\":false,\"fBuild\":{},\"parent\":\"fieldname29\"},{\"form_identifier\":\"\",\"name\":\"fieldname29\",\"shortlabel\":\"\",\"index\":10,\"ftype\":\"fdiv\",\"userhelp\":\"\",\"userhelpTooltip\":false,\"csslayout\":\"\",\"fields\":[\"fieldname9\",\"fieldname45\"],\"columns\":\"2\",\"title\":\"div\",\"fBuild\":{},\"parent\":\"fieldname25\"}],{\"0\":{\"title\":\"Kalkulator po\\u017cywek dla dro\\u017cd\\u017cy\",\"description\":\"wynik\\u00f3w nie nale\\u017cy sumowa\\u0107, tylko wybra\\u0107 wi\\u0119kszy\",\"formlayout\":\"top_aligned\",\"formtemplate\":\"cp_cff_natural\",\"evalequations\":1,\"autocomplete\":1},\"formid\":\"cp_calculatedfieldsf_pform_1\"}];<\/script><\/pre>\n<div id=\"fbuilder\">\n\t\t<div id=\"fbuilder_1\">\n\t\t<div id=\"formheader_1\"><\/div>\n\t\t<div id=\"fieldlist_1\"><\/div>\n\t\t<div class=\"clearer\"><\/div>\n\t<\/div>\n<\/div>\n<div class=\"clearer\"><\/div>\n<\/form>\n\t\n<p>&nbsp;<\/p>\n<p>To s\u0105 <strong>maksymalne dawki<\/strong>. Lepiej doda\u0107 mniej, ni\u017c przedawkowa\u0107.<\/p>\n<p>Wi\u0119cej szczeg\u00f3\u0142\u00f3w <a href=\"http:\/\/projektcydr.pl\/blog\/?p=814\">tutaj<\/a>.<\/p>\n","protected":false},"excerpt":{"rendered":"<p>Poni\u017cszy kalkulator pomaga wyznaczy\u0107 dawk\u0119 po\u017cywki jak\u0105 mo\u017cna doda\u0107 do soku celem lepszego od\u017cywienia dro\u017cd\u017cy. Zwykle po\u017cywki zawieraj\u0105 zar\u00f3wno \u017ar\u00f3d\u0142o azotu jak i witaminy B1, w r\u00f3\u017cnych proporcjach. St\u0105d dwa wyniki, kt\u00f3re m\u00f3wi\u0105 ile trzeba by doda\u0107, \u017ceby uzupe\u0142ni\u0107 azot, &hellip; <a href=\"https:\/\/projektcydr.pl\/blog\/pozywki\">Czytaj dalej <span class=\"meta-nav\">&rarr;<\/span><\/a><\/p>\n","protected":false},"author":2,"featured_media":0,"parent":0,"menu_order":0,"comment_status":"open","ping_status":"closed","template":"","meta":{"footnotes":""},"class_list":["post-818","page","type-page","status-publish","hentry"],"_links":{"self":[{"href":"https:\/\/projektcydr.pl\/blog\/wp-json\/wp\/v2\/pages\/818","targetHints":{"allow":["GET"]}}],"collection":[{"href":"https:\/\/projektcydr.pl\/blog\/wp-json\/wp\/v2\/pages"}],"about":[{"href":"https:\/\/projektcydr.pl\/blog\/wp-json\/wp\/v2\/types\/page"}],"author":[{"embeddable":true,"href":"https:\/\/projektcydr.pl\/blog\/wp-json\/wp\/v2\/users\/2"}],"replies":[{"embeddable":true,"href":"https:\/\/projektcydr.pl\/blog\/wp-json\/wp\/v2\/comments?post=818"}],"version-history":[{"count":3,"href":"https:\/\/projektcydr.pl\/blog\/wp-json\/wp\/v2\/pages\/818\/revisions"}],"predecessor-version":[{"id":825,"href":"https:\/\/projektcydr.pl\/blog\/wp-json\/wp\/v2\/pages\/818\/revisions\/825"}],"wp:attachment":[{"href":"https:\/\/projektcydr.pl\/blog\/wp-json\/wp\/v2\/media?parent=818"}],"curies":[{"name":"wp","href":"https:\/\/api.w.org\/{rel}","templated":true}]}}