{"id":332,"date":"2024-07-24T08:18:13","date_gmt":"2024-07-24T06:18:13","guid":{"rendered":"https:\/\/projektcydr.pl\/podrecznik\/?page_id=332"},"modified":"2024-07-24T08:30:13","modified_gmt":"2024-07-24T06:30:13","slug":"wyciskarki-i-sokowirowki","status":"publish","type":"page","link":"https:\/\/projektcydr.pl\/podrecznik\/wyciskarki-i-sokowirowki\/","title":{"rendered":"Wyciskarki i sokowir\u00f3wki"},"content":{"rendered":"\n<p>Wyciskarki i sokowir\u00f3wki s\u0105 oczywi\u015bcie urz\u0105dzeniami przeznaczonymi do wyciskania soku, ale do przygotowania soku na cydr nie nadaj\u0105 si\u0119 zbyt dobrze.<\/p>\n\n\n\n<p>Nie s\u0105 to sprz\u0119ty przeznaczone do wyciskania du\u017cych ilo\u015bci soku. Ich silniki i mechanizmy nie s\u0105 przystosowane do d\u0142ugotrwa\u0142ej pracy i ci\u0105g\u0142ego obci\u0105\u017cenia \u2013 musisz obchodzi\u0107 si\u0119 z nimi delikatnie i pilnowa\u0107, \u017ceby si\u0119 nie przegrzewa\u0142y. <\/p>\n\n\n\n<p>S\u0105 bardzo pracoch\u0142onne w obs\u0142udze: stosunkowo niewielkie otwory wlotowe wymuszaj\u0105 konieczno\u015b\u0107 krojenia jab\u0142ek na \u0107wiartki i mozolnego podawania po kawa\u0142eczku, a niewielkie pojemniki na sok oraz fusy\/wyt\u0142oki wymagaj\u0105 cz\u0119stego opr\u00f3\u017cniania.<\/p>\n\n\n\n<p>Wyci\u015bni\u0119ty sok zawiera bardzo du\u017co owocowych resztek. W przypadku sokowir\u00f3wek, wi\u0119kszo\u015b\u0107 owocowych pozosta\u0142o\u015bci zbiera si\u0119 na powierzchni w postaci grubej piany, kt\u00f3ra potrafi zaj\u0105\u0107 nawet po\u0142ow\u0119 obj\u0119to\u015bci naczynia. Za\u015b efekty pracy wyciskarek wolnoobrotowych cz\u0119sto, bardziej ni\u017c sok, przypominaj\u0105 jab\u0142kowe \u201esmoothie\u201d lub wr\u0119cz mus jab\u0142kowy. <\/p>\n\n\n\n<p>Uzyskany w ten spos\u00f3b sok trzeba dodatkowo przefiltrowa\u0107 &#8211; przez niezbyt gruby, ale g\u0119sty, materia\u0142: na przyk\u0142ad rozci\u0105gni\u0119te na wiadrze prze\u015bcierad\u0142o. W zale\u017cno\u015bci od konsystencji, takie filtrowanie mo\u017ce zaj\u0105\u0107 nawet kilka godzin.<\/p>\n\n\n\n<figure class=\"wp-block-gallery aligncenter has-nested-images columns-default is-cropped wp-block-gallery-1 is-layout-flex wp-block-gallery-is-layout-flex\">\n<figure data-wp-context=\"{&quot;imageId&quot;:&quot;69d4bb7654a8b&quot;}\" data-wp-interactive=\"core\/image\" data-wp-key=\"69d4bb7654a8b\" class=\"wp-block-image size-large wp-lightbox-container\"><img decoding=\"async\" data-wp-class--hide=\"state.isContentHidden\" data-wp-class--show=\"state.isContentVisible\" data-wp-init=\"callbacks.setButtonStyles\" data-wp-on--click=\"actions.showLightbox\" data-wp-on--load=\"callbacks.setButtonStyles\" data-wp-on-window--resize=\"callbacks.setButtonStyles\" data-id=\"4172\" src=\"https:\/\/projektcydr.pl\/blog\/wp-content\/uploads\/2020\/10\/IMG_4439-1024x683.jpg\" alt=\"\" class=\"wp-image-4172\"\/><button\n\t\t\tclass=\"lightbox-trigger\"\n\t\t\ttype=\"button\"\n\t\t\taria-haspopup=\"dialog\"\n\t\t\taria-label=\"Powi\u0119ksz\"\n\t\t\tdata-wp-init=\"callbacks.initTriggerButton\"\n\t\t\tdata-wp-on--click=\"actions.showLightbox\"\n\t\t\tdata-wp-style--right=\"state.imageButtonRight\"\n\t\t\tdata-wp-style--top=\"state.imageButtonTop\"\n\t\t>\n\t\t\t<svg xmlns=\"http:\/\/www.w3.org\/2000\/svg\" width=\"12\" height=\"12\" fill=\"none\" viewBox=\"0 0 12 12\">\n\t\t\t\t<path fill=\"#fff\" d=\"M2 0a2 2 0 0 0-2 2v2h1.5V2a.5.5 0 0 1 .5-.5h2V0H2Zm2 10.5H2a.5.5 0 0 1-.5-.5V8H0v2a2 2 0 0 0 2 2h2v-1.5ZM8 12v-1.5h2a.5.5 0 0 0 .5-.5V8H12v2a2 2 0 0 1-2 2H8Zm2-12a2 2 0 0 1 2 2v2h-1.5V2a.5.5 0 0 0-.5-.5H8V0h2Z\" \/>\n\t\t\t<\/svg>\n\t\t<\/button><\/figure>\n\n\n\n<figure data-wp-context=\"{&quot;imageId&quot;:&quot;69d4bb7654d96&quot;}\" data-wp-interactive=\"core\/image\" data-wp-key=\"69d4bb7654d96\" class=\"wp-block-image size-large wp-lightbox-container\"><img decoding=\"async\" data-wp-class--hide=\"state.isContentHidden\" data-wp-class--show=\"state.isContentVisible\" data-wp-init=\"callbacks.setButtonStyles\" data-wp-on--click=\"actions.showLightbox\" data-wp-on--load=\"callbacks.setButtonStyles\" data-wp-on-window--resize=\"callbacks.setButtonStyles\" data-id=\"4174\" src=\"https:\/\/projektcydr.pl\/blog\/wp-content\/uploads\/2020\/10\/IMG_4455-1024x683.jpg\" alt=\"\" class=\"wp-image-4174\"\/><button\n\t\t\tclass=\"lightbox-trigger\"\n\t\t\ttype=\"button\"\n\t\t\taria-haspopup=\"dialog\"\n\t\t\taria-label=\"Powi\u0119ksz\"\n\t\t\tdata-wp-init=\"callbacks.initTriggerButton\"\n\t\t\tdata-wp-on--click=\"actions.showLightbox\"\n\t\t\tdata-wp-style--right=\"state.imageButtonRight\"\n\t\t\tdata-wp-style--top=\"state.imageButtonTop\"\n\t\t>\n\t\t\t<svg xmlns=\"http:\/\/www.w3.org\/2000\/svg\" width=\"12\" height=\"12\" fill=\"none\" viewBox=\"0 0 12 12\">\n\t\t\t\t<path fill=\"#fff\" d=\"M2 0a2 2 0 0 0-2 2v2h1.5V2a.5.5 0 0 1 .5-.5h2V0H2Zm2 10.5H2a.5.5 0 0 1-.5-.5V8H0v2a2 2 0 0 0 2 2h2v-1.5ZM8 12v-1.5h2a.5.5 0 0 0 .5-.5V8H12v2a2 2 0 0 1-2 2H8Zm2-12a2 2 0 0 1 2 2v2h-1.5V2a.5.5 0 0 0-.5-.5H8V0h2Z\" \/>\n\t\t\t<\/svg>\n\t\t<\/button><\/figure>\n\n\n\n<figure data-wp-context=\"{&quot;imageId&quot;:&quot;69d4bb7655097&quot;}\" data-wp-interactive=\"core\/image\" data-wp-key=\"69d4bb7655097\" class=\"wp-block-image size-large wp-lightbox-container\"><img decoding=\"async\" data-wp-class--hide=\"state.isContentHidden\" data-wp-class--show=\"state.isContentVisible\" data-wp-init=\"callbacks.setButtonStyles\" data-wp-on--click=\"actions.showLightbox\" data-wp-on--load=\"callbacks.setButtonStyles\" data-wp-on-window--resize=\"callbacks.setButtonStyles\" data-id=\"4173\" src=\"https:\/\/projektcydr.pl\/blog\/wp-content\/uploads\/2020\/10\/IMG_4450-1024x683.jpg\" alt=\"\" class=\"wp-image-4173\"\/><button\n\t\t\tclass=\"lightbox-trigger\"\n\t\t\ttype=\"button\"\n\t\t\taria-haspopup=\"dialog\"\n\t\t\taria-label=\"Powi\u0119ksz\"\n\t\t\tdata-wp-init=\"callbacks.initTriggerButton\"\n\t\t\tdata-wp-on--click=\"actions.showLightbox\"\n\t\t\tdata-wp-style--right=\"state.imageButtonRight\"\n\t\t\tdata-wp-style--top=\"state.imageButtonTop\"\n\t\t>\n\t\t\t<svg xmlns=\"http:\/\/www.w3.org\/2000\/svg\" width=\"12\" height=\"12\" fill=\"none\" viewBox=\"0 0 12 12\">\n\t\t\t\t<path fill=\"#fff\" d=\"M2 0a2 2 0 0 0-2 2v2h1.5V2a.5.5 0 0 1 .5-.5h2V0H2Zm2 10.5H2a.5.5 0 0 1-.5-.5V8H0v2a2 2 0 0 0 2 2h2v-1.5ZM8 12v-1.5h2a.5.5 0 0 0 .5-.5V8H12v2a2 2 0 0 1-2 2H8Zm2-12a2 2 0 0 1 2 2v2h-1.5V2a.5.5 0 0 0-.5-.5H8V0h2Z\" \/>\n\t\t\t<\/svg>\n\t\t<\/button><\/figure>\n\n\n\n<figure data-wp-context=\"{&quot;imageId&quot;:&quot;69d4bb765530f&quot;}\" data-wp-interactive=\"core\/image\" data-wp-key=\"69d4bb765530f\" class=\"wp-block-image size-large wp-lightbox-container\"><img decoding=\"async\" data-wp-class--hide=\"state.isContentHidden\" data-wp-class--show=\"state.isContentVisible\" data-wp-init=\"callbacks.setButtonStyles\" data-wp-on--click=\"actions.showLightbox\" data-wp-on--load=\"callbacks.setButtonStyles\" data-wp-on-window--resize=\"callbacks.setButtonStyles\" data-id=\"4181\" src=\"https:\/\/projektcydr.pl\/blog\/wp-content\/uploads\/2020\/10\/IMG_4457-1-1024x683.jpg\" alt=\"\" class=\"wp-image-4181\"\/><button\n\t\t\tclass=\"lightbox-trigger\"\n\t\t\ttype=\"button\"\n\t\t\taria-haspopup=\"dialog\"\n\t\t\taria-label=\"Powi\u0119ksz\"\n\t\t\tdata-wp-init=\"callbacks.initTriggerButton\"\n\t\t\tdata-wp-on--click=\"actions.showLightbox\"\n\t\t\tdata-wp-style--right=\"state.imageButtonRight\"\n\t\t\tdata-wp-style--top=\"state.imageButtonTop\"\n\t\t>\n\t\t\t<svg xmlns=\"http:\/\/www.w3.org\/2000\/svg\" width=\"12\" height=\"12\" fill=\"none\" viewBox=\"0 0 12 12\">\n\t\t\t\t<path fill=\"#fff\" d=\"M2 0a2 2 0 0 0-2 2v2h1.5V2a.5.5 0 0 1 .5-.5h2V0H2Zm2 10.5H2a.5.5 0 0 1-.5-.5V8H0v2a2 2 0 0 0 2 2h2v-1.5ZM8 12v-1.5h2a.5.5 0 0 0 .5-.5V8H12v2a2 2 0 0 1-2 2H8Zm2-12a2 2 0 0 1 2 2v2h-1.5V2a.5.5 0 0 0-.5-.5H8V0h2Z\" \/>\n\t\t\t<\/svg>\n\t\t<\/button><\/figure>\n\n\n\n<figure data-wp-context=\"{&quot;imageId&quot;:&quot;69d4bb765558d&quot;}\" data-wp-interactive=\"core\/image\" data-wp-key=\"69d4bb765558d\" class=\"wp-block-image size-large wp-lightbox-container\"><img decoding=\"async\" data-wp-class--hide=\"state.isContentHidden\" data-wp-class--show=\"state.isContentVisible\" data-wp-init=\"callbacks.setButtonStyles\" data-wp-on--click=\"actions.showLightbox\" data-wp-on--load=\"callbacks.setButtonStyles\" data-wp-on-window--resize=\"callbacks.setButtonStyles\" data-id=\"4175\" src=\"https:\/\/projektcydr.pl\/blog\/wp-content\/uploads\/2020\/10\/IMG_4462-1024x683.jpg\" alt=\"\" class=\"wp-image-4175\"\/><button\n\t\t\tclass=\"lightbox-trigger\"\n\t\t\ttype=\"button\"\n\t\t\taria-haspopup=\"dialog\"\n\t\t\taria-label=\"Powi\u0119ksz\"\n\t\t\tdata-wp-init=\"callbacks.initTriggerButton\"\n\t\t\tdata-wp-on--click=\"actions.showLightbox\"\n\t\t\tdata-wp-style--right=\"state.imageButtonRight\"\n\t\t\tdata-wp-style--top=\"state.imageButtonTop\"\n\t\t>\n\t\t\t<svg xmlns=\"http:\/\/www.w3.org\/2000\/svg\" width=\"12\" height=\"12\" fill=\"none\" viewBox=\"0 0 12 12\">\n\t\t\t\t<path fill=\"#fff\" d=\"M2 0a2 2 0 0 0-2 2v2h1.5V2a.5.5 0 0 1 .5-.5h2V0H2Zm2 10.5H2a.5.5 0 0 1-.5-.5V8H0v2a2 2 0 0 0 2 2h2v-1.5ZM8 12v-1.5h2a.5.5 0 0 0 .5-.5V8H12v2a2 2 0 0 1-2 2H8Zm2-12a2 2 0 0 1 2 2v2h-1.5V2a.5.5 0 0 0-.5-.5H8V0h2Z\" \/>\n\t\t\t<\/svg>\n\t\t<\/button><\/figure>\n\n\n\n<figure data-wp-context=\"{&quot;imageId&quot;:&quot;69d4bb7655888&quot;}\" data-wp-interactive=\"core\/image\" data-wp-key=\"69d4bb7655888\" class=\"wp-block-image size-large wp-lightbox-container\"><img decoding=\"async\" data-wp-class--hide=\"state.isContentHidden\" data-wp-class--show=\"state.isContentVisible\" data-wp-init=\"callbacks.setButtonStyles\" data-wp-on--click=\"actions.showLightbox\" data-wp-on--load=\"callbacks.setButtonStyles\" data-wp-on-window--resize=\"callbacks.setButtonStyles\" data-id=\"4178\" src=\"https:\/\/projektcydr.pl\/blog\/wp-content\/uploads\/2020\/10\/IMG_4468-1024x683.jpg\" alt=\"\" class=\"wp-image-4178\"\/><button\n\t\t\tclass=\"lightbox-trigger\"\n\t\t\ttype=\"button\"\n\t\t\taria-haspopup=\"dialog\"\n\t\t\taria-label=\"Powi\u0119ksz\"\n\t\t\tdata-wp-init=\"callbacks.initTriggerButton\"\n\t\t\tdata-wp-on--click=\"actions.showLightbox\"\n\t\t\tdata-wp-style--right=\"state.imageButtonRight\"\n\t\t\tdata-wp-style--top=\"state.imageButtonTop\"\n\t\t>\n\t\t\t<svg xmlns=\"http:\/\/www.w3.org\/2000\/svg\" width=\"12\" height=\"12\" fill=\"none\" viewBox=\"0 0 12 12\">\n\t\t\t\t<path fill=\"#fff\" d=\"M2 0a2 2 0 0 0-2 2v2h1.5V2a.5.5 0 0 1 .5-.5h2V0H2Zm2 10.5H2a.5.5 0 0 1-.5-.5V8H0v2a2 2 0 0 0 2 2h2v-1.5ZM8 12v-1.5h2a.5.5 0 0 0 .5-.5V8H12v2a2 2 0 0 1-2 2H8Zm2-12a2 2 0 0 1 2 2v2h-1.5V2a.5.5 0 0 0-.5-.5H8V0h2Z\" \/>\n\t\t\t<\/svg>\n\t\t<\/button><\/figure>\n<\/figure>\n","protected":false},"excerpt":{"rendered":"<p>Wyciskarki i sokowir\u00f3wki s\u0105 oczywi\u015bcie urz\u0105dzeniami przeznaczonymi do wyciskania soku, ale do przygotowania soku na cydr nie nadaj\u0105 si\u0119 zbyt dobrze. Nie s\u0105 to sprz\u0119ty przeznaczone do wyciskania du\u017cych ilo\u015bci soku. Ich silniki i mechanizmy nie s\u0105 przystosowane do d\u0142ugotrwa\u0142ej pracy i ci\u0105g\u0142ego obci\u0105\u017cenia \u2013 musisz obchodzi\u0107 si\u0119 z nimi delikatnie i pilnowa\u0107, \u017ceby si\u0119 &hellip; <a href=\"https:\/\/projektcydr.pl\/podrecznik\/wyciskarki-i-sokowirowki\/\" class=\"more-link\">Czytaj dalej<span class=\"screen-reader-text\"> \u201eWyciskarki i sokowir\u00f3wki\u201d<\/span><\/a><\/p>\n","protected":false},"author":1,"featured_media":0,"parent":0,"menu_order":0,"comment_status":"closed","ping_status":"closed","template":"","meta":{"footnotes":""},"class_list":["post-332","page","type-page","status-publish","hentry"],"_links":{"self":[{"href":"https:\/\/projektcydr.pl\/podrecznik\/wp-json\/wp\/v2\/pages\/332","targetHints":{"allow":["GET"]}}],"collection":[{"href":"https:\/\/projektcydr.pl\/podrecznik\/wp-json\/wp\/v2\/pages"}],"about":[{"href":"https:\/\/projektcydr.pl\/podrecznik\/wp-json\/wp\/v2\/types\/page"}],"author":[{"embeddable":true,"href":"https:\/\/projektcydr.pl\/podrecznik\/wp-json\/wp\/v2\/users\/1"}],"replies":[{"embeddable":true,"href":"https:\/\/projektcydr.pl\/podrecznik\/wp-json\/wp\/v2\/comments?post=332"}],"version-history":[{"count":2,"href":"https:\/\/projektcydr.pl\/podrecznik\/wp-json\/wp\/v2\/pages\/332\/revisions"}],"predecessor-version":[{"id":336,"href":"https:\/\/projektcydr.pl\/podrecznik\/wp-json\/wp\/v2\/pages\/332\/revisions\/336"}],"wp:attachment":[{"href":"https:\/\/projektcydr.pl\/podrecznik\/wp-json\/wp\/v2\/media?parent=332"}],"curies":[{"name":"wp","href":"https:\/\/api.w.org\/{rel}","templated":true}]}}