{"id":338,"date":"2024-07-24T08:32:30","date_gmt":"2024-07-24T06:32:30","guid":{"rendered":"https:\/\/projektcydr.pl\/podrecznik\/?page_id=338"},"modified":"2024-07-25T19:01:08","modified_gmt":"2024-07-25T17:01:08","slug":"maceracja-miazgi","status":"publish","type":"page","link":"https:\/\/projektcydr.pl\/podrecznik\/maceracja-miazgi\/","title":{"rendered":"Maceracja miazgi"},"content":{"rendered":"\n<p>Po zmieleniu jab\u0142ek, warto podda\u0107 miazg\u0119 tak zwanej maceracji, czyli po prostu pozostawi\u0107 j\u0105 samej sobie na pewien czas. Ten niepozorny zabieg ma zaskakuj\u0105co du\u017cy wp\u0142yw, zar\u00f3wno na dalszy proces robienia cydru, jak i na efekt ko\u0144cowy. <\/p>\n\n\n\n<p>W czasie maceracji, pod wp\u0142ywem dzia\u0142ania naturalnych enzym\u00f3w, struktura mi\u0105\u017cszu ulega degradacji, a cz\u0105stki owoc\u00f3w mi\u0119kn\u0105 i samoczynnie puszczaj\u0105 sok. Ilo\u015b\u0107 soku uzyskana z macerowanej miazgi jest nawet o 10% wi\u0119ksza, w por\u00f3wnaniu z miazg\u0105 nie poddan\u0105 maceracji. Przy czym sok pozostaje pe\u0142nowarto\u015bciowy &#8211; nie staje si\u0119 bynajmniej bardziej rozwodniony.<\/p>\n\n\n\n<p>Maceracja pozwala r\u00f3wnie\u017c pozyska\u0107 z miazgi wi\u0119cej polifenoli oraz wspomaga prac\u0119 enzym\u00f3w utleniaj\u0105cych. Wiele zwi\u0105zk\u00f3w polifenolowych, pocz\u0105tkowo bezbarwnych, w wyniku dzia\u0142ania powietrza nabiera koloru. Ma to wp\u0142yw na ostateczn\u0105 barw\u0119 cydru, cho\u0107 wa\u017cnym czynnikiem jest tutaj czas: kr\u00f3tka maceracja poprawia wybarwienie, ale po pewnym czasie utlenione polifenoli zaczynaj\u0105 by\u0107 na powr\u00f3t absorbowanych przez miazg\u0119, kt\u00f3ra ciemnieje, ale paradoksalnie w efekcie powstaje ja\u015bniejszy cydr.<\/p>\n\n\n<div class=\"wp-block-image\">\n<figure class=\"aligncenter\"><img decoding=\"async\" src=\"https:\/\/projektcydr.pl\/blog\/wp-content\/uploads\/2024\/02\/obraz.png\" alt=\"\" class=\"wp-image-5328\"\/><figcaption class=\"wp-element-caption\">wykres wzorowany na artykule: <br><em>Cidermaking<\/em>, Andrew G.H. Lea, Jean-Francois Drilleau<\/figcaption><\/figure>\n<\/div>\n\n\n<p>Maceracja sprzyja rozwojowi mikroorganizm\u00f3w. Miazga zawiera bogat\u0105 mikroflor\u0119, pochodz\u0105c\u0105 zar\u00f3wno z samych owoc\u00f3w, jak r\u00f3wnie\u017c ze sprz\u0119t\u00f3w oraz z powietrza. Dzi\u0119ki maceracji, mikroorganizmy zyskuj\u0105 wi\u0119cej czasu, \u017ceby zacz\u0105\u0107 si\u0119 mno\u017cy\u0107. Je\u015bli zamierzasz robi\u0107 cydr bez dodatku dro\u017cd\u017cy, zastosowanie maceracji zdecydowanie w tym pomaga: sok z macerowanej miazgi szybciej i bardziej ochoczo podejmuje naturaln\u0105 fermentacj\u0119.<\/p>\n\n\n\n<p>Typowa maceracja trwa 1-2 godziny i nie wymaga \u017cadnej dodatkowej ingerencji &#8211; mo\u017cesz w tym czasie spokojnie zaj\u0105c si\u0119 innymi sprawami. Miazg\u0119 uklep, przykryj pojemnik &#8211; i tak zostaw. Nie mieszaj miazgi, nie napowietrzaj.<\/p>\n\n\n\n<p>D\u0142u\u017csze maceracje, trwaj\u0105ce 12 lub nawet 24 godziny, s\u0105 stosowane do zada\u0144 specjalnych: na przyk\u0142ad gdy chcesz zrobi\u0107 <em>keeving<\/em> i zale\u017cy ci na pozyskaniu z miazgi jak najwi\u0119kszej ilo\u015bci pektyn, lub gdy jab\u0142ka zawieraj\u0105 zbyt du\u017co polifenoli i chcesz radykalnie zredukowa\u0107 ich ilo\u015b\u0107 &#8211; ale to si\u0119 zdarza w wyj\u0105tkowych sytuacjach. <\/p>\n\n\n\n<p>Efektem d\u0142ugich maceracji jest r\u00f3wnie\u017c, do pewnego stopnia, zmniejszenie zawarto\u015bci kwasu. Nie jest to zmiana du\u017ca &#8211; z mojego do\u015bwiadczenia, trwaj\u0105ca 12 godzin maceracja pozwala obni\u017cy\u0107 kwasowo\u015b\u0107 o ~1g\/L (typowy sok z jab\u0142ek deserowych zawiera 5-6g\/L kwasu) &#8211; ale efekt jest wyra\u017anie zauwa\u017calny w smaku.<\/p>\n\n\n\n<p>Do macerowanej miazgi warto doda\u0107 enzym pektolityczny, tak zwany &#8222;pektoenzym&#8221;, kt\u00f3ry pomo\u017ce porozbija\u0107 pektyny. Jego dodatek znacz\u0105co przyspiesza proces maceracji oraz pozwala zwi\u0119kszy\u0107 uzysk o kolejne kilka procent. Jab\u0142ka naturalnie zawieraj\u0105 taki enzym, ale przewa\u017cnie jest go stosunkowo niewiele.<\/p>\n\n\n\n<p>Komercyjne pektoenzymy to koktajle zawieraj\u0105ce r\u00f3\u017cne kombinacje pektynaz, przygotowane specjalnie pod k\u0105tem konkretnych grup owoc\u00f3w. St\u0105d, kupuj\u0105c pektoenzym, warto sprawdzi\u0107 na etykiecie dla jakich konkretnie owoc\u00f3w jest on przeznaczony. Preparaty te nie s\u0105 produktami chemicznymi &#8211; zawarte w nich enzymy pozyskiwane s\u0105 naturalnie, cho\u0107 nie z owoc\u00f3w, a z grzyb\u00f3w; konkretnie z ple\u015bni z rodzaju Aspergillus, np. popularnej czarnej ple\u015bni: Aspergillus niger.<\/p>\n\n\n\n<p>Dawkowanie pektoenzym\u00f3w jest r\u00f3\u017cne w zale\u017cno\u015bci od konkretnego produktu, a ilo\u015bci zwykle s\u0105 bardzo niewielkie. Dlatego warto je wst\u0119pnie rozpu\u015bci\u0107 w niewielkiej ilo\u015bci wody, lub soku, a nast\u0119pnie wmiesza\u0107 w miazg\u0119. Rekomendowane przez producent\u00f3w dawki s\u0105 w zupe\u0142no\u015bci wystarczaj\u0105ce i nie ma potrzeby ich zawy\u017cania. Dost\u0119pnych jest wiele r\u00f3\u017cnych pektoenzym\u00f3w, zar\u00f3wno w formie p\u0142ynnej, jak i w proszku &#8211; ja osobi\u015bcie u\u017cywam takiego:<\/p>\n\n\n<div class=\"wp-block-image is-resized\">\n<figure data-wp-context=\"{&quot;imageId&quot;:&quot;69e00eab25cd8&quot;}\" data-wp-interactive=\"core\/image\" data-wp-key=\"69e00eab25cd8\" class=\"aligncenter wp-lightbox-container\"><img decoding=\"async\" data-wp-class--hide=\"state.isContentHidden\" data-wp-class--show=\"state.isContentVisible\" data-wp-init=\"callbacks.setButtonStyles\" data-wp-on--click=\"actions.showLightbox\" data-wp-on--load=\"callbacks.setButtonStyles\" data-wp-on-window--resize=\"callbacks.setButtonStyles\" src=\"https:\/\/projektcydr.pl\/blog\/wp-content\/uploads\/2018\/12\/IMG_2693-1024x683.jpg\" alt=\"\" class=\"wp-image-2752\" style=\"width:512px\"\/><button\n\t\t\tclass=\"lightbox-trigger\"\n\t\t\ttype=\"button\"\n\t\t\taria-haspopup=\"dialog\"\n\t\t\taria-label=\"Powi\u0119ksz\"\n\t\t\tdata-wp-init=\"callbacks.initTriggerButton\"\n\t\t\tdata-wp-on--click=\"actions.showLightbox\"\n\t\t\tdata-wp-style--right=\"state.imageButtonRight\"\n\t\t\tdata-wp-style--top=\"state.imageButtonTop\"\n\t\t>\n\t\t\t<svg xmlns=\"http:\/\/www.w3.org\/2000\/svg\" width=\"12\" height=\"12\" fill=\"none\" viewBox=\"0 0 12 12\">\n\t\t\t\t<path fill=\"#fff\" d=\"M2 0a2 2 0 0 0-2 2v2h1.5V2a.5.5 0 0 1 .5-.5h2V0H2Zm2 10.5H2a.5.5 0 0 1-.5-.5V8H0v2a2 2 0 0 0 2 2h2v-1.5ZM8 12v-1.5h2a.5.5 0 0 0 .5-.5V8H12v2a2 2 0 0 1-2 2H8Zm2-12a2 2 0 0 1 2 2v2h-1.5V2a.5.5 0 0 0-.5-.5H8V0h2Z\" \/>\n\t\t\t<\/svg>\n\t\t<\/button><\/figure>\n<\/div>\n\n\n<p>Efekt dzia\u0142ania pektoenzymu jest widoczny go\u0142ym okiem &#8211; miazga macerowana z dodatkiem pektoenzymu (poni\u017cej po prawej) jest zdecydowanie bardziej mi\u0119kka i mokra, w por\u00f3wnaniu z miazg\u0105 macerowan\u0105 bez \u017cadnych dodatk\u00f3w:<\/p>\n\n\n\n<figure class=\"wp-block-gallery aligncenter has-nested-images columns-default is-cropped wp-block-gallery-1 is-layout-flex wp-block-gallery-is-layout-flex\">\n<figure class=\"wp-block-image size-large\"><a href=\"https:\/\/projektcydr.pl\/blog\/wp-content\/uploads\/2018\/12\/IMG_2723-1024x683.jpg\"><img decoding=\"async\" data-id=\"2746\" src=\"https:\/\/projektcydr.pl\/blog\/wp-content\/uploads\/2018\/12\/IMG_2723-1024x683.jpg\" alt=\"\" class=\"wp-image-2746\"\/><\/a><\/figure>\n\n\n\n<figure class=\"wp-block-image size-large\"><a href=\"https:\/\/projektcydr.pl\/blog\/wp-content\/uploads\/2018\/12\/IMG_2722-1024x683.jpg\"><img decoding=\"async\" data-id=\"2747\" src=\"https:\/\/projektcydr.pl\/blog\/wp-content\/uploads\/2018\/12\/IMG_2722-1024x683.jpg\" alt=\"\" class=\"wp-image-2747\"\/><\/a><\/figure>\n<\/figure>\n\n\n\n<p>Jak wida\u0107, podczas maceracji dochodzi r\u00f3wnie\u017c do br\u0105zowienia miazgi. Miazga br\u0105zowieje tylko tam, gdzie ma swobodny kontakt z powietrzem, czyli przede wszystkim na powierzchni oraz na przestrzeni pierwszych kilku centymetr\u00f3w wg\u0142\u0105b. Niekt\u00f3re miazgi ciemniej\u0105 szybko i silnie, inne pozostaj\u0105 ca\u0142y czas blade &#8211; wszystko zale\u017cy od odmiany jab\u0142ek<\/p>\n","protected":false},"excerpt":{"rendered":"<p>Po zmieleniu jab\u0142ek, warto podda\u0107 miazg\u0119 tak zwanej maceracji, czyli po prostu pozostawi\u0107 j\u0105 samej sobie na pewien czas. Ten niepozorny zabieg ma zaskakuj\u0105co du\u017cy wp\u0142yw, zar\u00f3wno na dalszy proces robienia cydru, jak i na efekt ko\u0144cowy. W czasie maceracji, pod wp\u0142ywem dzia\u0142ania naturalnych enzym\u00f3w, struktura mi\u0105\u017cszu ulega degradacji, a cz\u0105stki owoc\u00f3w mi\u0119kn\u0105 i samoczynnie &hellip; <a href=\"https:\/\/projektcydr.pl\/podrecznik\/maceracja-miazgi\/\" class=\"more-link\">Czytaj dalej<span class=\"screen-reader-text\"> \u201eMaceracja miazgi\u201d<\/span><\/a><\/p>\n","protected":false},"author":1,"featured_media":0,"parent":0,"menu_order":0,"comment_status":"closed","ping_status":"closed","template":"","meta":{"footnotes":""},"class_list":["post-338","page","type-page","status-publish","hentry"],"_links":{"self":[{"href":"https:\/\/projektcydr.pl\/podrecznik\/wp-json\/wp\/v2\/pages\/338","targetHints":{"allow":["GET"]}}],"collection":[{"href":"https:\/\/projektcydr.pl\/podrecznik\/wp-json\/wp\/v2\/pages"}],"about":[{"href":"https:\/\/projektcydr.pl\/podrecznik\/wp-json\/wp\/v2\/types\/page"}],"author":[{"embeddable":true,"href":"https:\/\/projektcydr.pl\/podrecznik\/wp-json\/wp\/v2\/users\/1"}],"replies":[{"embeddable":true,"href":"https:\/\/projektcydr.pl\/podrecznik\/wp-json\/wp\/v2\/comments?post=338"}],"version-history":[{"count":5,"href":"https:\/\/projektcydr.pl\/podrecznik\/wp-json\/wp\/v2\/pages\/338\/revisions"}],"predecessor-version":[{"id":384,"href":"https:\/\/projektcydr.pl\/podrecznik\/wp-json\/wp\/v2\/pages\/338\/revisions\/384"}],"wp:attachment":[{"href":"https:\/\/projektcydr.pl\/podrecznik\/wp-json\/wp\/v2\/media?parent=338"}],"curies":[{"name":"wp","href":"https:\/\/api.w.org\/{rel}","templated":true}]}}